{"id":47583,"date":"2026-03-16T13:38:24","date_gmt":"2026-03-16T11:38:24","guid":{"rendered":"https:\/\/www.bau-styl.hu\/epitoanyag\/?post_type=product&#038;p=47583"},"modified":"2026-03-17T12:42:21","modified_gmt":"2026-03-17T10:42:21","slug":"villeroy-kollekcion-kivuli-tartozek-szerelokeret","status":"publish","type":"product","link":"https:\/\/www.bau-styl.hu\/epitoanyag\/termek\/villeroy-kollekcion-kivuli-tartozek-szerelokeret\/","title":{"rendered":"Villeroy Kollekci\u00f3n k\u00edv\u00fcli tartoz\u00e9k Szerel\u0151keret"},"content":{"rendered":"","protected":false},"excerpt":{"rendered":"","protected":false},"featured_media":46837,"template":"","meta":[],"product_brand":[10600],"product_cat":[10810],"product_tag":[],"class_list":{"0":"post-47583","1":"product","2":"type-product","3":"status-publish","4":"has-post-thumbnail","6":"product_brand-villeroy","7":"product_cat-furdoszoba-szaniter","9":"first","10":"instock","11":"taxable","12":"shipping-taxable","13":"purchasable","14":"product-type-simple"},"aioseo_notices":[],"_links":{"self":[{"href":"https:\/\/www.bau-styl.hu\/epitoanyag\/wp-json\/wp\/v2\/product\/47583","targetHints":{"allow":["GET"]}}],"collection":[{"href":"https:\/\/www.bau-styl.hu\/epitoanyag\/wp-json\/wp\/v2\/product"}],"about":[{"href":"https:\/\/www.bau-styl.hu\/epitoanyag\/wp-json\/wp\/v2\/types\/product"}],"wp:featuredmedia":[{"embeddable":true,"href":"https:\/\/www.bau-styl.hu\/epitoanyag\/wp-json\/wp\/v2\/media\/46837"}],"wp:attachment":[{"href":"https:\/\/www.bau-styl.hu\/epitoanyag\/wp-json\/wp\/v2\/media?parent=47583"}],"wp:term":[{"taxonomy":"product_brand","embeddable":true,"href":"https:\/\/www.bau-styl.hu\/epitoanyag\/wp-json\/wp\/v2\/product_brand?post=47583"},{"taxonomy":"product_cat","embeddable":true,"href":"https:\/\/www.bau-styl.hu\/epitoanyag\/wp-json\/wp\/v2\/product_cat?post=47583"},{"taxonomy":"product_tag","embeddable":true,"href":"https:\/\/www.bau-styl.hu\/epitoanyag\/wp-json\/wp\/v2\/product_tag?post=47583"}],"curies":[{"name":"wp","href":"https:\/\/api.w.org\/{rel}","templated":true}]}}