{"id":47593,"date":"2026-03-16T13:38:26","date_gmt":"2026-03-16T11:38:26","guid":{"rendered":"https:\/\/www.bau-styl.hu\/epitoanyag\/?post_type=product&#038;p=47593"},"modified":"2026-03-17T12:42:20","modified_gmt":"2026-03-17T10:42:20","slug":"villeroy-venticello-mosdo-beepitheto-feher-alpin-500x800x165-cm","status":"publish","type":"product","link":"https:\/\/www.bau-styl.hu\/epitoanyag\/termek\/villeroy-venticello-mosdo-beepitheto-feher-alpin-500x800x165-cm\/","title":{"rendered":"Villeroy Venticello Mosd\u00f3 Be\u00e9p\u00edthet\u0151 Feh\u00e9r alpin 500x800x165 cm"},"content":{"rendered":"","protected":false},"excerpt":{"rendered":"","protected":false},"featured_media":46844,"template":"","meta":[],"product_brand":[10600],"product_cat":[10810],"product_tag":[],"class_list":{"0":"post-47593","1":"product","2":"type-product","3":"status-publish","4":"has-post-thumbnail","6":"product_brand-villeroy","7":"product_cat-furdoszoba-szaniter","9":"first","10":"instock","11":"taxable","12":"shipping-taxable","13":"purchasable","14":"product-type-simple"},"aioseo_notices":[],"_links":{"self":[{"href":"https:\/\/www.bau-styl.hu\/epitoanyag\/wp-json\/wp\/v2\/product\/47593","targetHints":{"allow":["GET"]}}],"collection":[{"href":"https:\/\/www.bau-styl.hu\/epitoanyag\/wp-json\/wp\/v2\/product"}],"about":[{"href":"https:\/\/www.bau-styl.hu\/epitoanyag\/wp-json\/wp\/v2\/types\/product"}],"wp:featuredmedia":[{"embeddable":true,"href":"https:\/\/www.bau-styl.hu\/epitoanyag\/wp-json\/wp\/v2\/media\/46844"}],"wp:attachment":[{"href":"https:\/\/www.bau-styl.hu\/epitoanyag\/wp-json\/wp\/v2\/media?parent=47593"}],"wp:term":[{"taxonomy":"product_brand","embeddable":true,"href":"https:\/\/www.bau-styl.hu\/epitoanyag\/wp-json\/wp\/v2\/product_brand?post=47593"},{"taxonomy":"product_cat","embeddable":true,"href":"https:\/\/www.bau-styl.hu\/epitoanyag\/wp-json\/wp\/v2\/product_cat?post=47593"},{"taxonomy":"product_tag","embeddable":true,"href":"https:\/\/www.bau-styl.hu\/epitoanyag\/wp-json\/wp\/v2\/product_tag?post=47593"}],"curies":[{"name":"wp","href":"https:\/\/api.w.org\/{rel}","templated":true}]}}