{"id":47602,"date":"2026-03-16T13:38:28","date_gmt":"2026-03-16T11:38:28","guid":{"rendered":"https:\/\/www.bau-styl.hu\/epitoanyag\/?post_type=product&#038;p=47602"},"modified":"2026-03-17T12:42:20","modified_gmt":"2026-03-17T10:42:20","slug":"zehnder-aura-furdoszoba-radiator-ives-krom-50-180","status":"publish","type":"product","link":"https:\/\/www.bau-styl.hu\/epitoanyag\/termek\/zehnder-aura-furdoszoba-radiator-ives-krom-50-180\/","title":{"rendered":"Zehnder Aura F\u00fcrd\u0151szoba radi\u00e1tor \u00edves kr\u00f3m 50-180"},"content":{"rendered":"","protected":false},"excerpt":{"rendered":"","protected":false},"featured_media":46835,"template":"","meta":[],"product_brand":[11224],"product_cat":[10807],"product_tag":[],"class_list":{"0":"post-47602","1":"product","2":"type-product","3":"status-publish","4":"has-post-thumbnail","6":"product_brand-zehnder","7":"product_cat-radiator","9":"first","10":"instock","11":"taxable","12":"shipping-taxable","13":"purchasable","14":"product-type-simple"},"aioseo_notices":[],"_links":{"self":[{"href":"https:\/\/www.bau-styl.hu\/epitoanyag\/wp-json\/wp\/v2\/product\/47602","targetHints":{"allow":["GET"]}}],"collection":[{"href":"https:\/\/www.bau-styl.hu\/epitoanyag\/wp-json\/wp\/v2\/product"}],"about":[{"href":"https:\/\/www.bau-styl.hu\/epitoanyag\/wp-json\/wp\/v2\/types\/product"}],"wp:featuredmedia":[{"embeddable":true,"href":"https:\/\/www.bau-styl.hu\/epitoanyag\/wp-json\/wp\/v2\/media\/46835"}],"wp:attachment":[{"href":"https:\/\/www.bau-styl.hu\/epitoanyag\/wp-json\/wp\/v2\/media?parent=47602"}],"wp:term":[{"taxonomy":"product_brand","embeddable":true,"href":"https:\/\/www.bau-styl.hu\/epitoanyag\/wp-json\/wp\/v2\/product_brand?post=47602"},{"taxonomy":"product_cat","embeddable":true,"href":"https:\/\/www.bau-styl.hu\/epitoanyag\/wp-json\/wp\/v2\/product_cat?post=47602"},{"taxonomy":"product_tag","embeddable":true,"href":"https:\/\/www.bau-styl.hu\/epitoanyag\/wp-json\/wp\/v2\/product_tag?post=47602"}],"curies":[{"name":"wp","href":"https:\/\/api.w.org\/{rel}","templated":true}]}}