{"id":4786,"date":"2019-10-24T18:11:55","date_gmt":"2019-10-24T18:11:55","guid":{"rendered":"https:\/\/www.bau-styl.hu\/epitoanyag\/termek\/creaton-fal-es-kemenyszegely-aluminium-450-mm-voros\/"},"modified":"2025-10-21T12:43:55","modified_gmt":"2025-10-21T10:43:55","slug":"creaton-fal-es-kemenyszegely-aluminium-450-mm-x-5-m-voros","status":"publish","type":"product","link":"https:\/\/www.bau-styl.hu\/epitoanyag\/termek\/creaton-fal-es-kemenyszegely-aluminium-450-mm-x-5-m-voros\/","title":{"rendered":"Creaton Fal- \u00e9s k\u00e9m\u00e9nyszeg\u00e9ly alum\u00ednium 450 mm x 5 m v\u00f6r\u00f6s"},"content":{"rendered":"","protected":false},"excerpt":{"rendered":"<p>A k\u00e9m\u00e9ny \u00e9s fed\u0151anyag tal\u00e1lkoz\u00e1s\u00e1n\u00e1l haszn\u00e1ljuk. A fal \u00e9s tet\u0151 tal\u00e1lkoz\u00e1s\u00e1hoz, amikor a falt\u00f3l indul a tet\u0151s\u00edk lejt\u00e9se.<\/p>\n","protected":false},"featured_media":31402,"template":"","meta":[],"product_brand":[],"product_cat":[355,445,447,417],"product_tag":[],"class_list":{"0":"post-4786","1":"product","2":"type-product","3":"status-publish","4":"has-post-thumbnail","6":"product_cat-tetofedes","7":"product_cat-tetotartozek","8":"product_cat-fem-es-muanyag-kiegeszito","9":"product_cat-creaton-fem-es-muanyag-kiegeszito","11":"first","12":"instock","13":"taxable","14":"shipping-taxable","15":"purchasable","16":"product-type-simple"},"aioseo_notices":[],"_links":{"self":[{"href":"https:\/\/www.bau-styl.hu\/epitoanyag\/wp-json\/wp\/v2\/product\/4786","targetHints":{"allow":["GET"]}}],"collection":[{"href":"https:\/\/www.bau-styl.hu\/epitoanyag\/wp-json\/wp\/v2\/product"}],"about":[{"href":"https:\/\/www.bau-styl.hu\/epitoanyag\/wp-json\/wp\/v2\/types\/product"}],"wp:featuredmedia":[{"embeddable":true,"href":"https:\/\/www.bau-styl.hu\/epitoanyag\/wp-json\/wp\/v2\/media\/31402"}],"wp:attachment":[{"href":"https:\/\/www.bau-styl.hu\/epitoanyag\/wp-json\/wp\/v2\/media?parent=4786"}],"wp:term":[{"taxonomy":"product_brand","embeddable":true,"href":"https:\/\/www.bau-styl.hu\/epitoanyag\/wp-json\/wp\/v2\/product_brand?post=4786"},{"taxonomy":"product_cat","embeddable":true,"href":"https:\/\/www.bau-styl.hu\/epitoanyag\/wp-json\/wp\/v2\/product_cat?post=4786"},{"taxonomy":"product_tag","embeddable":true,"href":"https:\/\/www.bau-styl.hu\/epitoanyag\/wp-json\/wp\/v2\/product_tag?post=4786"}],"curies":[{"name":"wp","href":"https:\/\/api.w.org\/{rel}","templated":true}]}}