{"id":4824,"date":"2019-10-24T18:12:18","date_gmt":"2019-10-24T18:12:18","guid":{"rendered":"https:\/\/www.bau-styl.hu\/epitoanyag\/termek\/creaton-hosszu-aluminium-jaroracs-80-x-25-cm-rezvoros\/"},"modified":"2025-10-22T09:48:20","modified_gmt":"2025-10-22T07:48:20","slug":"creaton-hosszu-aluminium-jaroracs-80x25-cm-rezvoros","status":"publish","type":"product","link":"https:\/\/www.bau-styl.hu\/epitoanyag\/termek\/creaton-hosszu-aluminium-jaroracs-80x25-cm-rezvoros\/","title":{"rendered":"Creaton Hossz\u00fa alum\u00ednium j\u00e1r\u00f3r\u00e1cs 80&#215;25 cm r\u00e9zv\u00f6r\u00f6s"},"content":{"rendered":"","protected":false},"excerpt":{"rendered":"","protected":false},"featured_media":34937,"template":"","meta":[],"product_brand":[],"product_cat":[355,445,447,417],"product_tag":[],"class_list":{"0":"post-4824","1":"product","2":"type-product","3":"status-publish","4":"has-post-thumbnail","6":"product_cat-tetofedes","7":"product_cat-tetotartozek","8":"product_cat-fem-es-muanyag-kiegeszito","9":"product_cat-creaton-fem-es-muanyag-kiegeszito","11":"first","12":"instock","13":"taxable","14":"shipping-taxable","15":"purchasable","16":"product-type-simple"},"aioseo_notices":[],"_links":{"self":[{"href":"https:\/\/www.bau-styl.hu\/epitoanyag\/wp-json\/wp\/v2\/product\/4824","targetHints":{"allow":["GET"]}}],"collection":[{"href":"https:\/\/www.bau-styl.hu\/epitoanyag\/wp-json\/wp\/v2\/product"}],"about":[{"href":"https:\/\/www.bau-styl.hu\/epitoanyag\/wp-json\/wp\/v2\/types\/product"}],"wp:featuredmedia":[{"embeddable":true,"href":"https:\/\/www.bau-styl.hu\/epitoanyag\/wp-json\/wp\/v2\/media\/34937"}],"wp:attachment":[{"href":"https:\/\/www.bau-styl.hu\/epitoanyag\/wp-json\/wp\/v2\/media?parent=4824"}],"wp:term":[{"taxonomy":"product_brand","embeddable":true,"href":"https:\/\/www.bau-styl.hu\/epitoanyag\/wp-json\/wp\/v2\/product_brand?post=4824"},{"taxonomy":"product_cat","embeddable":true,"href":"https:\/\/www.bau-styl.hu\/epitoanyag\/wp-json\/wp\/v2\/product_cat?post=4824"},{"taxonomy":"product_tag","embeddable":true,"href":"https:\/\/www.bau-styl.hu\/epitoanyag\/wp-json\/wp\/v2\/product_tag?post=4824"}],"curies":[{"name":"wp","href":"https:\/\/api.w.org\/{rel}","templated":true}]}}