{"id":4845,"date":"2023-02-20T15:06:57","date_gmt":"2023-02-20T13:06:57","guid":{"rendered":"https:\/\/www.bau-styl.hu\/epitoanyag\/termek\/creaton-klassik-alapcserep-nuance-fekete-eng\/"},"modified":"2025-10-21T12:45:31","modified_gmt":"2025-10-21T10:45:31","slug":"creaton-klassik-alapcserep-nuance-fekete-engobozott","status":"publish","type":"product","link":"https:\/\/www.bau-styl.hu\/epitoanyag\/termek\/creaton-klassik-alapcserep-nuance-fekete-engobozott\/","title":{"rendered":"Creaton Klassik Alapcser\u00e9p Nuance fekete eng\u00f3bozott"},"content":{"rendered":"<div class='avia-iframe-wrap'><iframe loading=\"lazy\" title=\"Creaton tet\u0151cserepek a Bau-Styl Kft k\u00edn\u00e1lat\u00e1ban\" width=\"1500\" height=\"844\" src=\"https:\/\/www.youtube.com\/embed\/k9WtBBTFvAM?feature=oembed&#038;enablejsapi=1&#038;origin=https:\/\/www.bau-styl.hu\" frameborder=\"0\" allow=\"accelerometer; autoplay; clipboard-write; encrypted-media; gyroscope; picture-in-picture; web-share\" allowfullscreen><\/iframe><\/div>\n","protected":false},"excerpt":{"rendered":"<p>Kimondottan klasszikus sz\u00e9ps\u00e9g\u0171 tet\u0151fel\u00fcletekhez val\u00f3 cser\u00e9p. Karcs\u00fa, visszafogott, ugyanakkor rendk\u00edv\u00fcl eleg\u00e1ns forma. Az \u00e9p\u00fcletet hagyja teljes harm\u00f3ni\u00e1ban hatni. Az alapcser\u00e9p mell\u00e9 opcion\u00e1lis term\u00e9kek, idomcserepek (szell\u0151z\u0151cser\u00e9p, hornyolt gerinccser\u00e9p, sajtolt gerinccser\u00e9p, hornyolt kezd\u0151 gerinccser\u00e9p, sajtolt kezd\u0151 gerinccser\u00e9p, hornyolt h\u00e1rmas gerinceloszt\u00f3 elem, sajtolt XXL gerinccser\u00e9p, sajtolt h\u00e1rmas gerinceloszt\u00f3 elem, szeg\u00e9lycser\u00e9p) k\u00f6z\u00fcl v\u00e1laszthat, amelyek \u00e1rair\u00f3l az aj\u00e1nlatk\u00e9r\u00e9s lead\u00e1s\u00e1t k\u00f6vet\u0151en munkat\u00e1rsunk emailben t\u00e1j\u00e9koztatja \u00d6nt.<\/p>\n","protected":false},"featured_media":2813,"template":"","meta":[],"product_brand":[],"product_cat":[355,6656,6668],"product_tag":[],"class_list":{"0":"post-4845","1":"product","2":"type-product","3":"status-publish","4":"has-post-thumbnail","6":"product_cat-tetofedes","7":"product_cat-keramia-cserep","8":"product_cat-creaton-keramia-alapcserep","10":"first","11":"instock","12":"taxable","13":"shipping-taxable","14":"purchasable","15":"product-type-simple"},"aioseo_notices":[],"_links":{"self":[{"href":"https:\/\/www.bau-styl.hu\/epitoanyag\/wp-json\/wp\/v2\/product\/4845","targetHints":{"allow":["GET"]}}],"collection":[{"href":"https:\/\/www.bau-styl.hu\/epitoanyag\/wp-json\/wp\/v2\/product"}],"about":[{"href":"https:\/\/www.bau-styl.hu\/epitoanyag\/wp-json\/wp\/v2\/types\/product"}],"wp:featuredmedia":[{"embeddable":true,"href":"https:\/\/www.bau-styl.hu\/epitoanyag\/wp-json\/wp\/v2\/media\/2813"}],"wp:attachment":[{"href":"https:\/\/www.bau-styl.hu\/epitoanyag\/wp-json\/wp\/v2\/media?parent=4845"}],"wp:term":[{"taxonomy":"product_brand","embeddable":true,"href":"https:\/\/www.bau-styl.hu\/epitoanyag\/wp-json\/wp\/v2\/product_brand?post=4845"},{"taxonomy":"product_cat","embeddable":true,"href":"https:\/\/www.bau-styl.hu\/epitoanyag\/wp-json\/wp\/v2\/product_cat?post=4845"},{"taxonomy":"product_tag","embeddable":true,"href":"https:\/\/www.bau-styl.hu\/epitoanyag\/wp-json\/wp\/v2\/product_tag?post=4845"}],"curies":[{"name":"wp","href":"https:\/\/api.w.org\/{rel}","templated":true}]}}