{"id":4987,"date":"2019-10-25T06:01:15","date_gmt":"2019-10-25T06:01:15","guid":{"rendered":"https:\/\/www.bau-styl.hu\/epitoanyag\/termek\/colorferr-bp-szalu-ral-7016-anthra-szeglet-33-ksz\/"},"modified":"2026-03-23T15:31:13","modified_gmt":"2026-03-23T13:31:13","slug":"colorferr-bp-szalu-ral-7016-anthra-szeglet-33-ksz","status":"publish","type":"product","link":"https:\/\/www.bau-styl.hu\/epitoanyag\/termek\/colorferr-bp-szalu-ral-7016-anthra-szeglet-33-ksz\/","title":{"rendered":"Colorferr Bp Szalu RAL 7016 Anthra szeglet 33 ksz"},"content":{"rendered":"","protected":false},"excerpt":{"rendered":"<p>Ezzel tudunk befordulni a v\u00edzszintes csatorn\u00e1val. \u00c1ltal\u00e1ban 90o-os sz\u00f6get z\u00e1r be, de egyes ereszcsatorna rendszerekn\u00e9l l\u00e9tezik 1250-os is.<\/p>\n","protected":false},"featured_media":34937,"template":"","meta":[],"product_brand":[],"product_cat":[355,6778,6801,61,6617],"product_tag":[6610],"class_list":{"0":"post-4987","1":"product","2":"type-product","3":"status-publish","4":"has-post-thumbnail","6":"product_cat-tetofedes","7":"product_cat-ereszcsatorna-es-badogos-termek-tetofedes","8":"product_cat-zambelli-csatorna-es-badogos-termek-ereszcsatorna-es-badogos-termek-tetofedes","9":"product_cat-ereszcsatorna-es-badogos-termek","10":"product_cat-zambelli-csatorna-es-badogos-termek","11":"product_tag-colorferr","13":"first","14":"instock","15":"taxable","16":"shipping-taxable","17":"purchasable","18":"product-type-simple"},"aioseo_notices":[],"_links":{"self":[{"href":"https:\/\/www.bau-styl.hu\/epitoanyag\/wp-json\/wp\/v2\/product\/4987","targetHints":{"allow":["GET"]}}],"collection":[{"href":"https:\/\/www.bau-styl.hu\/epitoanyag\/wp-json\/wp\/v2\/product"}],"about":[{"href":"https:\/\/www.bau-styl.hu\/epitoanyag\/wp-json\/wp\/v2\/types\/product"}],"wp:featuredmedia":[{"embeddable":true,"href":"https:\/\/www.bau-styl.hu\/epitoanyag\/wp-json\/wp\/v2\/media\/34937"}],"wp:attachment":[{"href":"https:\/\/www.bau-styl.hu\/epitoanyag\/wp-json\/wp\/v2\/media?parent=4987"}],"wp:term":[{"taxonomy":"product_brand","embeddable":true,"href":"https:\/\/www.bau-styl.hu\/epitoanyag\/wp-json\/wp\/v2\/product_brand?post=4987"},{"taxonomy":"product_cat","embeddable":true,"href":"https:\/\/www.bau-styl.hu\/epitoanyag\/wp-json\/wp\/v2\/product_cat?post=4987"},{"taxonomy":"product_tag","embeddable":true,"href":"https:\/\/www.bau-styl.hu\/epitoanyag\/wp-json\/wp\/v2\/product_tag?post=4987"}],"curies":[{"name":"wp","href":"https:\/\/api.w.org\/{rel}","templated":true}]}}