{"id":4994,"date":"2019-10-25T06:01:17","date_gmt":"2019-10-25T06:01:17","guid":{"rendered":"https:\/\/www.bau-styl.hu\/epitoanyag\/termek\/colorferr-bp-szalu-ral-8011-barna-betorkolocsonk-333-100\/"},"modified":"2026-03-23T15:31:06","modified_gmt":"2026-03-23T13:31:06","slug":"colorferr-bp-szalu-ral-8011-barna-betorkolocsonk-333-100","status":"publish","type":"product","link":"https:\/\/www.bau-styl.hu\/epitoanyag\/termek\/colorferr-bp-szalu-ral-8011-barna-betorkolocsonk-333-100\/","title":{"rendered":"Colorferr Bp Szalu RAL 8011 Barna betorkol\u00f3csonk 333\/100"},"content":{"rendered":"","protected":false},"excerpt":{"rendered":"<p>\u00d6sszek\u00f6t\u0151 idom a v\u00edzszintes \u00e9s f\u00fcgg\u0151leges csatorn\u00e1hoz.<\/p>\n","protected":false},"featured_media":34937,"template":"","meta":[],"product_brand":[],"product_cat":[355,6778,6801,61,6617],"product_tag":[6610],"class_list":{"0":"post-4994","1":"product","2":"type-product","3":"status-publish","4":"has-post-thumbnail","6":"product_cat-tetofedes","7":"product_cat-ereszcsatorna-es-badogos-termek-tetofedes","8":"product_cat-zambelli-csatorna-es-badogos-termek-ereszcsatorna-es-badogos-termek-tetofedes","9":"product_cat-ereszcsatorna-es-badogos-termek","10":"product_cat-zambelli-csatorna-es-badogos-termek","11":"product_tag-colorferr","13":"first","14":"instock","15":"taxable","16":"shipping-taxable","17":"purchasable","18":"product-type-simple"},"aioseo_notices":[],"_links":{"self":[{"href":"https:\/\/www.bau-styl.hu\/epitoanyag\/wp-json\/wp\/v2\/product\/4994","targetHints":{"allow":["GET"]}}],"collection":[{"href":"https:\/\/www.bau-styl.hu\/epitoanyag\/wp-json\/wp\/v2\/product"}],"about":[{"href":"https:\/\/www.bau-styl.hu\/epitoanyag\/wp-json\/wp\/v2\/types\/product"}],"wp:featuredmedia":[{"embeddable":true,"href":"https:\/\/www.bau-styl.hu\/epitoanyag\/wp-json\/wp\/v2\/media\/34937"}],"wp:attachment":[{"href":"https:\/\/www.bau-styl.hu\/epitoanyag\/wp-json\/wp\/v2\/media?parent=4994"}],"wp:term":[{"taxonomy":"product_brand","embeddable":true,"href":"https:\/\/www.bau-styl.hu\/epitoanyag\/wp-json\/wp\/v2\/product_brand?post=4994"},{"taxonomy":"product_cat","embeddable":true,"href":"https:\/\/www.bau-styl.hu\/epitoanyag\/wp-json\/wp\/v2\/product_cat?post=4994"},{"taxonomy":"product_tag","embeddable":true,"href":"https:\/\/www.bau-styl.hu\/epitoanyag\/wp-json\/wp\/v2\/product_tag?post=4994"}],"curies":[{"name":"wp","href":"https:\/\/api.w.org\/{rel}","templated":true}]}}