{"id":5007,"date":"2019-10-25T06:01:23","date_gmt":"2019-10-25T06:01:23","guid":{"rendered":"https:\/\/www.bau-styl.hu\/epitoanyag\/termek\/colorferr-bp-szalu-ral-8011-barna-kikopo-o76\/"},"modified":"2026-04-20T18:21:28","modified_gmt":"2026-04-20T16:21:28","slug":"colorferr-bp-szalu-ral-8011-barna-kikopo-o76","status":"publish","type":"product","link":"https:\/\/www.bau-styl.hu\/epitoanyag\/termek\/colorferr-bp-szalu-ral-8011-barna-kikopo-o76\/","title":{"rendered":"Colorferr Bp Szalu RAL 8011 Barna kik\u00f6p\u0151 O76"},"content":{"rendered":"","protected":false},"excerpt":{"rendered":"<p>Elvezeti az es\u0151vizet a h\u00e1zt\u00f3l.<\/p>\n","protected":false},"featured_media":34937,"template":"","meta":[],"product_brand":[11320],"product_cat":[11366,355],"product_tag":[],"class_list":{"0":"post-5007","1":"product","2":"type-product","3":"status-publish","4":"has-post-thumbnail","6":"product_brand-zambelli","7":"product_cat-ereszcsatorna","8":"product_cat-tetofedes","10":"first","11":"instock","12":"taxable","13":"shipping-taxable","14":"purchasable","15":"product-type-simple"},"aioseo_notices":[],"_links":{"self":[{"href":"https:\/\/www.bau-styl.hu\/epitoanyag\/wp-json\/wp\/v2\/product\/5007","targetHints":{"allow":["GET"]}}],"collection":[{"href":"https:\/\/www.bau-styl.hu\/epitoanyag\/wp-json\/wp\/v2\/product"}],"about":[{"href":"https:\/\/www.bau-styl.hu\/epitoanyag\/wp-json\/wp\/v2\/types\/product"}],"wp:featuredmedia":[{"embeddable":true,"href":"https:\/\/www.bau-styl.hu\/epitoanyag\/wp-json\/wp\/v2\/media\/34937"}],"wp:attachment":[{"href":"https:\/\/www.bau-styl.hu\/epitoanyag\/wp-json\/wp\/v2\/media?parent=5007"}],"wp:term":[{"taxonomy":"product_brand","embeddable":true,"href":"https:\/\/www.bau-styl.hu\/epitoanyag\/wp-json\/wp\/v2\/product_brand?post=5007"},{"taxonomy":"product_cat","embeddable":true,"href":"https:\/\/www.bau-styl.hu\/epitoanyag\/wp-json\/wp\/v2\/product_cat?post=5007"},{"taxonomy":"product_tag","embeddable":true,"href":"https:\/\/www.bau-styl.hu\/epitoanyag\/wp-json\/wp\/v2\/product_tag?post=5007"}],"curies":[{"name":"wp","href":"https:\/\/api.w.org\/{rel}","templated":true}]}}