{"id":5036,"date":"2019-10-25T06:01:35","date_gmt":"2019-10-25T06:01:35","guid":{"rendered":"https:\/\/www.bau-styl.hu\/epitoanyag\/termek\/colorferr-bp-szalu-ral8011-barna-hajlatbadog-50-ksz-2-fm\/"},"modified":"2026-03-23T15:31:21","modified_gmt":"2026-03-23T13:31:21","slug":"colorferr-bp-szalu-ral8011-barna-hajlatbadog-50-ksz-2-fm","status":"publish","type":"product","link":"https:\/\/www.bau-styl.hu\/epitoanyag\/termek\/colorferr-bp-szalu-ral8011-barna-hajlatbadog-50-ksz-2-fm\/","title":{"rendered":"Colorferr Bp Szalu RAL8011 Barna hajlatb\u00e1dog 50 ksz 2 fm"},"content":{"rendered":"","protected":false},"excerpt":{"rendered":"<p>Tet\u0151hajlatot, ahol k\u00e9t tet\u0151s\u00edk tal\u00e1lkozik. Mivel az es\u0151v\u00edz a v\u00e1p\u00e1ban \u00f6sszefolyva \u00f6mlik az es\u0151csatorn\u00e1ba, ez\u00e9rt ide \u00fagynevezett v\u00e1palemezt, m\u00e1s nev\u00e9n hajlatb\u00e1dogot szoktak helyezni.<\/p>\n","protected":false},"featured_media":34937,"template":"","meta":[],"product_brand":[],"product_cat":[355,6778,6801,61,6617],"product_tag":[6610],"class_list":{"0":"post-5036","1":"product","2":"type-product","3":"status-publish","4":"has-post-thumbnail","6":"product_cat-tetofedes","7":"product_cat-ereszcsatorna-es-badogos-termek-tetofedes","8":"product_cat-zambelli-csatorna-es-badogos-termek-ereszcsatorna-es-badogos-termek-tetofedes","9":"product_cat-ereszcsatorna-es-badogos-termek","10":"product_cat-zambelli-csatorna-es-badogos-termek","11":"product_tag-colorferr","13":"first","14":"instock","15":"taxable","16":"shipping-taxable","17":"purchasable","18":"product-type-simple"},"aioseo_notices":[],"_links":{"self":[{"href":"https:\/\/www.bau-styl.hu\/epitoanyag\/wp-json\/wp\/v2\/product\/5036","targetHints":{"allow":["GET"]}}],"collection":[{"href":"https:\/\/www.bau-styl.hu\/epitoanyag\/wp-json\/wp\/v2\/product"}],"about":[{"href":"https:\/\/www.bau-styl.hu\/epitoanyag\/wp-json\/wp\/v2\/types\/product"}],"wp:featuredmedia":[{"embeddable":true,"href":"https:\/\/www.bau-styl.hu\/epitoanyag\/wp-json\/wp\/v2\/media\/34937"}],"wp:attachment":[{"href":"https:\/\/www.bau-styl.hu\/epitoanyag\/wp-json\/wp\/v2\/media?parent=5036"}],"wp:term":[{"taxonomy":"product_brand","embeddable":true,"href":"https:\/\/www.bau-styl.hu\/epitoanyag\/wp-json\/wp\/v2\/product_brand?post=5036"},{"taxonomy":"product_cat","embeddable":true,"href":"https:\/\/www.bau-styl.hu\/epitoanyag\/wp-json\/wp\/v2\/product_cat?post=5036"},{"taxonomy":"product_tag","embeddable":true,"href":"https:\/\/www.bau-styl.hu\/epitoanyag\/wp-json\/wp\/v2\/product_tag?post=5036"}],"curies":[{"name":"wp","href":"https:\/\/api.w.org\/{rel}","templated":true}]}}