{"id":5061,"date":"2019-10-25T06:06:28","date_gmt":"2019-10-25T06:06:28","guid":{"rendered":"https:\/\/www.bau-styl.hu\/epitoanyag\/termek\/fakro-lml-lux-280-padlasfeljaro-3-reszes-osszecsukhato-fem-letra-hoszig-ajtolap-60x120-cm\/"},"modified":"2026-03-25T12:21:58","modified_gmt":"2026-03-25T10:21:58","slug":"fakro-lml-lux-280-padlasfeljaro-3-reszes-osszecsukhato-fem-letra-hoszig-ajtolap-60x120-cm","status":"publish","type":"product","link":"https:\/\/www.bau-styl.hu\/epitoanyag\/termek\/fakro-lml-lux-280-padlasfeljaro-3-reszes-osszecsukhato-fem-letra-hoszig-ajtolap-60x120-cm\/","title":{"rendered":"Fakro LML Lux 280 Padl\u00e1sfelj\u00e1r\u00f3, 3 r\u00e9szes \u00f6sszecsukhat\u00f3 f\u00e9m l\u00e9tra, h\u0151szig. ajt\u00f3lap 60&#215;120 cm"},"content":{"rendered":"","protected":false},"excerpt":{"rendered":"","protected":false},"featured_media":29399,"template":"","meta":[],"product_brand":[],"product_cat":[185,192],"product_tag":[6595],"class_list":{"0":"post-5061","1":"product","2":"type-product","3":"status-publish","4":"has-post-thumbnail","6":"product_cat-nyilaszarok","7":"product_cat-padlasfeljaro","8":"product_tag-fakro","10":"first","11":"instock","12":"taxable","13":"shipping-taxable","14":"purchasable","15":"product-type-simple"},"aioseo_notices":[],"_links":{"self":[{"href":"https:\/\/www.bau-styl.hu\/epitoanyag\/wp-json\/wp\/v2\/product\/5061","targetHints":{"allow":["GET"]}}],"collection":[{"href":"https:\/\/www.bau-styl.hu\/epitoanyag\/wp-json\/wp\/v2\/product"}],"about":[{"href":"https:\/\/www.bau-styl.hu\/epitoanyag\/wp-json\/wp\/v2\/types\/product"}],"wp:featuredmedia":[{"embeddable":true,"href":"https:\/\/www.bau-styl.hu\/epitoanyag\/wp-json\/wp\/v2\/media\/29399"}],"wp:attachment":[{"href":"https:\/\/www.bau-styl.hu\/epitoanyag\/wp-json\/wp\/v2\/media?parent=5061"}],"wp:term":[{"taxonomy":"product_brand","embeddable":true,"href":"https:\/\/www.bau-styl.hu\/epitoanyag\/wp-json\/wp\/v2\/product_brand?post=5061"},{"taxonomy":"product_cat","embeddable":true,"href":"https:\/\/www.bau-styl.hu\/epitoanyag\/wp-json\/wp\/v2\/product_cat?post=5061"},{"taxonomy":"product_tag","embeddable":true,"href":"https:\/\/www.bau-styl.hu\/epitoanyag\/wp-json\/wp\/v2\/product_tag?post=5061"}],"curies":[{"name":"wp","href":"https:\/\/api.w.org\/{rel}","templated":true}]}}