{"id":5074,"date":"2019-10-25T06:06:33","date_gmt":"2019-10-25T06:06:33","guid":{"rendered":"https:\/\/www.bau-styl.hu\/epitoanyag\/termek\/fakro-lwf-305-45-tuzgatlo-padlasfeljaro-3-reszes-osszecsukhato-lepcsovel-70x130-cm\/"},"modified":"2026-03-25T12:22:58","modified_gmt":"2026-03-25T10:22:58","slug":"fakro-lwf-60-305-tuzgatlo-padlasfeljaro-3-reszes-osszecsukhato-lepcsovel-70x130-cm","status":"publish","type":"product","link":"https:\/\/www.bau-styl.hu\/epitoanyag\/termek\/fakro-lwf-60-305-tuzgatlo-padlasfeljaro-3-reszes-osszecsukhato-lepcsovel-70x130-cm\/","title":{"rendered":"Fakro LWF 60 305 T\u0171zg\u00e1tl\u00f3 padl\u00e1sfelj\u00e1r\u00f3, 3 r\u00e9szes \u00f6sszecsukhat\u00f3 l\u00e9pcs\u0151vel 70&#215;130 cm"},"content":{"rendered":"","protected":false},"excerpt":{"rendered":"","protected":false},"featured_media":29403,"template":"","meta":[],"product_brand":[],"product_cat":[185,192],"product_tag":[6595],"class_list":{"0":"post-5074","1":"product","2":"type-product","3":"status-publish","4":"has-post-thumbnail","6":"product_cat-nyilaszarok","7":"product_cat-padlasfeljaro","8":"product_tag-fakro","10":"first","11":"instock","12":"taxable","13":"shipping-taxable","14":"purchasable","15":"product-type-simple"},"aioseo_notices":[],"_links":{"self":[{"href":"https:\/\/www.bau-styl.hu\/epitoanyag\/wp-json\/wp\/v2\/product\/5074","targetHints":{"allow":["GET"]}}],"collection":[{"href":"https:\/\/www.bau-styl.hu\/epitoanyag\/wp-json\/wp\/v2\/product"}],"about":[{"href":"https:\/\/www.bau-styl.hu\/epitoanyag\/wp-json\/wp\/v2\/types\/product"}],"wp:featuredmedia":[{"embeddable":true,"href":"https:\/\/www.bau-styl.hu\/epitoanyag\/wp-json\/wp\/v2\/media\/29403"}],"wp:attachment":[{"href":"https:\/\/www.bau-styl.hu\/epitoanyag\/wp-json\/wp\/v2\/media?parent=5074"}],"wp:term":[{"taxonomy":"product_brand","embeddable":true,"href":"https:\/\/www.bau-styl.hu\/epitoanyag\/wp-json\/wp\/v2\/product_brand?post=5074"},{"taxonomy":"product_cat","embeddable":true,"href":"https:\/\/www.bau-styl.hu\/epitoanyag\/wp-json\/wp\/v2\/product_cat?post=5074"},{"taxonomy":"product_tag","embeddable":true,"href":"https:\/\/www.bau-styl.hu\/epitoanyag\/wp-json\/wp\/v2\/product_tag?post=5074"}],"curies":[{"name":"wp","href":"https:\/\/api.w.org\/{rel}","templated":true}]}}