{"id":5080,"date":"2019-10-25T06:06:36","date_gmt":"2019-10-25T06:06:36","guid":{"rendered":"https:\/\/www.bau-styl.hu\/epitoanyag\/termek\/fakro-lwk-280-padlasfeljaro-4-reszes-osszecsukhato-lepcso-hoszig-ajtolap-70x100-cm\/"},"modified":"2026-04-20T14:10:56","modified_gmt":"2026-04-20T12:10:56","slug":"fakro-lwk-280-padlasfeljaro-4-reszes-osszecsukhato-lepcso-hoszig-ajtolap-70x100-cm","status":"publish","type":"product","link":"https:\/\/www.bau-styl.hu\/epitoanyag\/termek\/fakro-lwk-280-padlasfeljaro-4-reszes-osszecsukhato-lepcso-hoszig-ajtolap-70x100-cm\/","title":{"rendered":"Fakro LWK 280 Padl\u00e1sfelj\u00e1r\u00f3, 4 r\u00e9szes \u00f6sszecsukhat\u00f3 l\u00e9pcs\u0151, h\u0151szig. ajt\u00f3lap 70&#215;100 cm"},"content":{"rendered":"","protected":false},"excerpt":{"rendered":"","protected":false},"featured_media":29404,"template":"","meta":[],"product_brand":[11280],"product_cat":[11348,185],"product_tag":[],"class_list":{"0":"post-5080","1":"product","2":"type-product","3":"status-publish","4":"has-post-thumbnail","6":"product_brand-fakro","7":"product_cat-padlasfeljaro","8":"product_cat-nyilaszarok","10":"first","11":"instock","12":"taxable","13":"shipping-taxable","14":"purchasable","15":"product-type-simple"},"aioseo_notices":[],"_links":{"self":[{"href":"https:\/\/www.bau-styl.hu\/epitoanyag\/wp-json\/wp\/v2\/product\/5080","targetHints":{"allow":["GET"]}}],"collection":[{"href":"https:\/\/www.bau-styl.hu\/epitoanyag\/wp-json\/wp\/v2\/product"}],"about":[{"href":"https:\/\/www.bau-styl.hu\/epitoanyag\/wp-json\/wp\/v2\/types\/product"}],"wp:featuredmedia":[{"embeddable":true,"href":"https:\/\/www.bau-styl.hu\/epitoanyag\/wp-json\/wp\/v2\/media\/29404"}],"wp:attachment":[{"href":"https:\/\/www.bau-styl.hu\/epitoanyag\/wp-json\/wp\/v2\/media?parent=5080"}],"wp:term":[{"taxonomy":"product_brand","embeddable":true,"href":"https:\/\/www.bau-styl.hu\/epitoanyag\/wp-json\/wp\/v2\/product_brand?post=5080"},{"taxonomy":"product_cat","embeddable":true,"href":"https:\/\/www.bau-styl.hu\/epitoanyag\/wp-json\/wp\/v2\/product_cat?post=5080"},{"taxonomy":"product_tag","embeddable":true,"href":"https:\/\/www.bau-styl.hu\/epitoanyag\/wp-json\/wp\/v2\/product_tag?post=5080"}],"curies":[{"name":"wp","href":"https:\/\/api.w.org\/{rel}","templated":true}]}}