{"id":5131,"date":"2019-10-25T06:15:59","date_gmt":"2019-10-25T06:15:59","guid":{"rendered":"https:\/\/www.bau-styl.hu\/epitoanyag\/termek\/fakro-ftu-v-u3-fsc-billeno-fa-tetoablak-pu-bevonat-2-retegu-uveg-feher-meret-06-78x118-cm\/"},"modified":"2026-03-25T12:22:10","modified_gmt":"2026-03-25T10:22:10","slug":"fakro-ftu-v-u3-fsc-billeno-fa-tetoablak-pu-bevonat-2-retegu-uveg-feher-meret-06-78x118-cm","status":"publish","type":"product","link":"https:\/\/www.bau-styl.hu\/epitoanyag\/termek\/fakro-ftu-v-u3-fsc-billeno-fa-tetoablak-pu-bevonat-2-retegu-uveg-feher-meret-06-78x118-cm\/","title":{"rendered":"Fakro FTU-V U3 FSC Billen\u0151 fa tet\u0151ablak PU bevonat, 2 r\u00e9teg\u0171 \u00fcveg, feh\u00e9r, m\u00e9ret: 06, 78&#215;118 cm"},"content":{"rendered":"","protected":false},"excerpt":{"rendered":"","protected":false},"featured_media":29206,"template":"","meta":[],"product_brand":[],"product_cat":[185,187,188,189],"product_tag":[6595],"class_list":{"0":"post-5131","1":"product","2":"type-product","3":"status-publish","4":"has-post-thumbnail","6":"product_cat-nyilaszarok","7":"product_cat-tetoteri-ablak","8":"product_cat-fakro","9":"product_cat-ablak","10":"product_tag-fakro","12":"first","13":"instock","14":"taxable","15":"shipping-taxable","16":"purchasable","17":"product-type-simple"},"aioseo_notices":[],"_links":{"self":[{"href":"https:\/\/www.bau-styl.hu\/epitoanyag\/wp-json\/wp\/v2\/product\/5131","targetHints":{"allow":["GET"]}}],"collection":[{"href":"https:\/\/www.bau-styl.hu\/epitoanyag\/wp-json\/wp\/v2\/product"}],"about":[{"href":"https:\/\/www.bau-styl.hu\/epitoanyag\/wp-json\/wp\/v2\/types\/product"}],"wp:featuredmedia":[{"embeddable":true,"href":"https:\/\/www.bau-styl.hu\/epitoanyag\/wp-json\/wp\/v2\/media\/29206"}],"wp:attachment":[{"href":"https:\/\/www.bau-styl.hu\/epitoanyag\/wp-json\/wp\/v2\/media?parent=5131"}],"wp:term":[{"taxonomy":"product_brand","embeddable":true,"href":"https:\/\/www.bau-styl.hu\/epitoanyag\/wp-json\/wp\/v2\/product_brand?post=5131"},{"taxonomy":"product_cat","embeddable":true,"href":"https:\/\/www.bau-styl.hu\/epitoanyag\/wp-json\/wp\/v2\/product_cat?post=5131"},{"taxonomy":"product_tag","embeddable":true,"href":"https:\/\/www.bau-styl.hu\/epitoanyag\/wp-json\/wp\/v2\/product_tag?post=5131"}],"curies":[{"name":"wp","href":"https:\/\/api.w.org\/{rel}","templated":true}]}}