{"id":5158,"date":"2019-10-25T06:19:23","date_gmt":"2019-10-25T06:19:23","guid":{"rendered":"https:\/\/www.bau-styl.hu\/epitoanyag\/termek\/fakro-amz-i-kulso-hovedo-rolo-090-meret-02-55x98-cm\/"},"modified":"2026-03-25T12:21:41","modified_gmt":"2026-03-25T10:21:41","slug":"fakro-amz-i-kulso-hovedo-rolo-090-meret-02-55x98-cm","status":"publish","type":"product","link":"https:\/\/www.bau-styl.hu\/epitoanyag\/termek\/fakro-amz-i-kulso-hovedo-rolo-090-meret-02-55x98-cm\/","title":{"rendered":"Fakro AMZ I K\u00fcls\u0151 h\u0151v\u00e9d\u0151 rol\u00f3 090, m\u00e9ret: 02, 55&#215;98 cm"},"content":{"rendered":"","protected":false},"excerpt":{"rendered":"","protected":false},"featured_media":29192,"template":"","meta":[],"product_brand":[],"product_cat":[185,187,188,191],"product_tag":[6595],"class_list":{"0":"post-5158","1":"product","2":"type-product","3":"status-publish","4":"has-post-thumbnail","6":"product_cat-nyilaszarok","7":"product_cat-tetoteri-ablak","8":"product_cat-fakro","9":"product_cat-kiegeszito-termek-fakro","10":"product_tag-fakro","12":"first","13":"instock","14":"taxable","15":"shipping-taxable","16":"purchasable","17":"product-type-simple"},"aioseo_notices":[],"_links":{"self":[{"href":"https:\/\/www.bau-styl.hu\/epitoanyag\/wp-json\/wp\/v2\/product\/5158","targetHints":{"allow":["GET"]}}],"collection":[{"href":"https:\/\/www.bau-styl.hu\/epitoanyag\/wp-json\/wp\/v2\/product"}],"about":[{"href":"https:\/\/www.bau-styl.hu\/epitoanyag\/wp-json\/wp\/v2\/types\/product"}],"wp:featuredmedia":[{"embeddable":true,"href":"https:\/\/www.bau-styl.hu\/epitoanyag\/wp-json\/wp\/v2\/media\/29192"}],"wp:attachment":[{"href":"https:\/\/www.bau-styl.hu\/epitoanyag\/wp-json\/wp\/v2\/media?parent=5158"}],"wp:term":[{"taxonomy":"product_brand","embeddable":true,"href":"https:\/\/www.bau-styl.hu\/epitoanyag\/wp-json\/wp\/v2\/product_brand?post=5158"},{"taxonomy":"product_cat","embeddable":true,"href":"https:\/\/www.bau-styl.hu\/epitoanyag\/wp-json\/wp\/v2\/product_cat?post=5158"},{"taxonomy":"product_tag","embeddable":true,"href":"https:\/\/www.bau-styl.hu\/epitoanyag\/wp-json\/wp\/v2\/product_tag?post=5158"}],"curies":[{"name":"wp","href":"https:\/\/api.w.org\/{rel}","templated":true}]}}