{"id":5205,"date":"2019-10-25T06:19:48","date_gmt":"2019-10-25T06:19:48","guid":{"rendered":"https:\/\/www.bau-styl.hu\/epitoanyag\/termek\/fakro-xds-parazaro-foliagaller-meret-01-55x78-cm\/"},"modified":"2026-03-25T12:22:07","modified_gmt":"2026-03-25T10:22:07","slug":"fakro-xds-parazaro-foliagaller-meret-01-55x78-cm","status":"publish","type":"product","link":"https:\/\/www.bau-styl.hu\/epitoanyag\/termek\/fakro-xds-parazaro-foliagaller-meret-01-55x78-cm\/","title":{"rendered":"Fakro XDS P\u00e1raz\u00e1r\u00f3 f\u00f3liagall\u00e9r m\u00e9ret: 01, 55&#215;78 cm"},"content":{"rendered":"","protected":false},"excerpt":{"rendered":"","protected":false},"featured_media":29209,"template":"","meta":[],"product_brand":[],"product_cat":[185,187,188,191],"product_tag":[6595],"class_list":{"0":"post-5205","1":"product","2":"type-product","3":"status-publish","4":"has-post-thumbnail","6":"product_cat-nyilaszarok","7":"product_cat-tetoteri-ablak","8":"product_cat-fakro","9":"product_cat-kiegeszito-termek-fakro","10":"product_tag-fakro","12":"first","13":"instock","14":"taxable","15":"shipping-taxable","16":"purchasable","17":"product-type-simple"},"aioseo_notices":[],"_links":{"self":[{"href":"https:\/\/www.bau-styl.hu\/epitoanyag\/wp-json\/wp\/v2\/product\/5205","targetHints":{"allow":["GET"]}}],"collection":[{"href":"https:\/\/www.bau-styl.hu\/epitoanyag\/wp-json\/wp\/v2\/product"}],"about":[{"href":"https:\/\/www.bau-styl.hu\/epitoanyag\/wp-json\/wp\/v2\/types\/product"}],"wp:featuredmedia":[{"embeddable":true,"href":"https:\/\/www.bau-styl.hu\/epitoanyag\/wp-json\/wp\/v2\/media\/29209"}],"wp:attachment":[{"href":"https:\/\/www.bau-styl.hu\/epitoanyag\/wp-json\/wp\/v2\/media?parent=5205"}],"wp:term":[{"taxonomy":"product_brand","embeddable":true,"href":"https:\/\/www.bau-styl.hu\/epitoanyag\/wp-json\/wp\/v2\/product_brand?post=5205"},{"taxonomy":"product_cat","embeddable":true,"href":"https:\/\/www.bau-styl.hu\/epitoanyag\/wp-json\/wp\/v2\/product_cat?post=5205"},{"taxonomy":"product_tag","embeddable":true,"href":"https:\/\/www.bau-styl.hu\/epitoanyag\/wp-json\/wp\/v2\/product_tag?post=5205"}],"curies":[{"name":"wp","href":"https:\/\/api.w.org\/{rel}","templated":true}]}}