{"id":5238,"date":"2019-10-25T06:22:29","date_gmt":"2019-10-25T06:22:29","guid":{"rendered":"https:\/\/www.bau-styl.hu\/epitoanyag\/termek\/fakro-esv-t-thermo-burkolokeret-sik-tetofedo-anyaghoz-hoszigetelt-meret-07-78x140-cm\/"},"modified":"2026-03-25T12:22:14","modified_gmt":"2026-03-25T10:22:14","slug":"fakro-esv-t-thermo-burkolokeret-sik-tetofedo-anyaghoz-hoszigetelt-meret-07-78x140-cm","status":"publish","type":"product","link":"https:\/\/www.bau-styl.hu\/epitoanyag\/termek\/fakro-esv-t-thermo-burkolokeret-sik-tetofedo-anyaghoz-hoszigetelt-meret-07-78x140-cm\/","title":{"rendered":"Fakro ESV-T Thermo Burkol\u00f3keret, s\u00edk tet\u0151fed\u0151 anyaghoz, h\u0151szigetelt, m\u00e9ret: 07, 78&#215;140 cm"},"content":{"rendered":"","protected":false},"excerpt":{"rendered":"","protected":false},"featured_media":29200,"template":"","meta":[],"product_brand":[],"product_cat":[185,187,188,190],"product_tag":[6595],"class_list":{"0":"post-5238","1":"product","2":"type-product","3":"status-publish","4":"has-post-thumbnail","6":"product_cat-nyilaszarok","7":"product_cat-tetoteri-ablak","8":"product_cat-fakro","9":"product_cat-burkolokeret","10":"product_tag-fakro","12":"first","13":"instock","14":"taxable","15":"shipping-taxable","16":"purchasable","17":"product-type-simple"},"aioseo_notices":[],"_links":{"self":[{"href":"https:\/\/www.bau-styl.hu\/epitoanyag\/wp-json\/wp\/v2\/product\/5238","targetHints":{"allow":["GET"]}}],"collection":[{"href":"https:\/\/www.bau-styl.hu\/epitoanyag\/wp-json\/wp\/v2\/product"}],"about":[{"href":"https:\/\/www.bau-styl.hu\/epitoanyag\/wp-json\/wp\/v2\/types\/product"}],"wp:featuredmedia":[{"embeddable":true,"href":"https:\/\/www.bau-styl.hu\/epitoanyag\/wp-json\/wp\/v2\/media\/29200"}],"wp:attachment":[{"href":"https:\/\/www.bau-styl.hu\/epitoanyag\/wp-json\/wp\/v2\/media?parent=5238"}],"wp:term":[{"taxonomy":"product_brand","embeddable":true,"href":"https:\/\/www.bau-styl.hu\/epitoanyag\/wp-json\/wp\/v2\/product_brand?post=5238"},{"taxonomy":"product_cat","embeddable":true,"href":"https:\/\/www.bau-styl.hu\/epitoanyag\/wp-json\/wp\/v2\/product_cat?post=5238"},{"taxonomy":"product_tag","embeddable":true,"href":"https:\/\/www.bau-styl.hu\/epitoanyag\/wp-json\/wp\/v2\/product_tag?post=5238"}],"curies":[{"name":"wp","href":"https:\/\/api.w.org\/{rel}","templated":true}]}}