{"id":5306,"date":"2019-10-25T06:27:58","date_gmt":"2019-10-25T06:27:58","guid":{"rendered":"https:\/\/www.bau-styl.hu\/epitoanyag\/termek\/fabrostone-protect-koimpregnalo-1-l\/"},"modified":"2024-01-15T21:09:12","modified_gmt":"2024-01-15T19:09:12","slug":"fabrostone-protect-koimpregnalo-1-l","status":"publish","type":"product","link":"https:\/\/www.bau-styl.hu\/epitoanyag\/termek\/fabrostone-protect-koimpregnalo-1-l\/","title":{"rendered":"Fabrostone Protect k\u0151impregn\u00e1l\u00f3 1 l"},"content":{"rendered":"","protected":false},"excerpt":{"rendered":"","protected":false},"featured_media":2962,"template":"","meta":[],"product_brand":[],"product_cat":[93,95],"product_tag":[6584],"class_list":{"0":"post-5306","1":"product","2":"type-product","3":"status-publish","4":"has-post-thumbnail","6":"product_cat-falburkolat","7":"product_cat-fabrostone","8":"product_tag-fabrostone","10":"first","11":"instock","12":"taxable","13":"shipping-taxable","14":"purchasable","15":"product-type-simple"},"aioseo_notices":[],"_links":{"self":[{"href":"https:\/\/www.bau-styl.hu\/epitoanyag\/wp-json\/wp\/v2\/product\/5306","targetHints":{"allow":["GET"]}}],"collection":[{"href":"https:\/\/www.bau-styl.hu\/epitoanyag\/wp-json\/wp\/v2\/product"}],"about":[{"href":"https:\/\/www.bau-styl.hu\/epitoanyag\/wp-json\/wp\/v2\/types\/product"}],"wp:featuredmedia":[{"embeddable":true,"href":"https:\/\/www.bau-styl.hu\/epitoanyag\/wp-json\/wp\/v2\/media\/2962"}],"wp:attachment":[{"href":"https:\/\/www.bau-styl.hu\/epitoanyag\/wp-json\/wp\/v2\/media?parent=5306"}],"wp:term":[{"taxonomy":"product_brand","embeddable":true,"href":"https:\/\/www.bau-styl.hu\/epitoanyag\/wp-json\/wp\/v2\/product_brand?post=5306"},{"taxonomy":"product_cat","embeddable":true,"href":"https:\/\/www.bau-styl.hu\/epitoanyag\/wp-json\/wp\/v2\/product_cat?post=5306"},{"taxonomy":"product_tag","embeddable":true,"href":"https:\/\/www.bau-styl.hu\/epitoanyag\/wp-json\/wp\/v2\/product_tag?post=5306"}],"curies":[{"name":"wp","href":"https:\/\/api.w.org\/{rel}","templated":true}]}}