{"id":5350,"date":"2019-10-25T06:48:39","date_gmt":"2019-10-25T06:48:39","guid":{"rendered":"https:\/\/www.bau-styl.hu\/epitoanyag\/termek\/velux-bdx-pk10-hoszigetelo-keret-keszlet-alatetfoliaval-94x160-cm\/"},"modified":"2026-02-04T20:20:40","modified_gmt":"2026-02-04T18:20:40","slug":"velux-bdx-2000-pk10-hoszigetelo-keret-keszlet-alatetfoliaval-94x160-cm","status":"publish","type":"product","link":"https:\/\/www.bau-styl.hu\/epitoanyag\/termek\/velux-bdx-2000-pk10-hoszigetelo-keret-keszlet-alatetfoliaval-94x160-cm\/","title":{"rendered":"Velux BDX 2000 PK10 H\u0151szigetel\u0151 keret k\u00e9szlet al\u00e1t\u00e9tf\u00f3li\u00e1val 94&#215;160 cm"},"content":{"rendered":"","protected":false},"excerpt":{"rendered":"","protected":false},"featured_media":28637,"template":"","meta":[],"product_brand":[],"product_cat":[185,187,199,203],"product_tag":[6594],"class_list":{"0":"post-5350","1":"product","2":"type-product","3":"status-publish","4":"has-post-thumbnail","6":"product_cat-nyilaszarok","7":"product_cat-tetoteri-ablak","8":"product_cat-velux","9":"product_cat-kiegeszitotermek-velux","10":"product_tag-velux","12":"first","13":"instock","14":"taxable","15":"shipping-taxable","16":"purchasable","17":"product-type-simple"},"aioseo_notices":[],"_links":{"self":[{"href":"https:\/\/www.bau-styl.hu\/epitoanyag\/wp-json\/wp\/v2\/product\/5350","targetHints":{"allow":["GET"]}}],"collection":[{"href":"https:\/\/www.bau-styl.hu\/epitoanyag\/wp-json\/wp\/v2\/product"}],"about":[{"href":"https:\/\/www.bau-styl.hu\/epitoanyag\/wp-json\/wp\/v2\/types\/product"}],"wp:featuredmedia":[{"embeddable":true,"href":"https:\/\/www.bau-styl.hu\/epitoanyag\/wp-json\/wp\/v2\/media\/28637"}],"wp:attachment":[{"href":"https:\/\/www.bau-styl.hu\/epitoanyag\/wp-json\/wp\/v2\/media?parent=5350"}],"wp:term":[{"taxonomy":"product_brand","embeddable":true,"href":"https:\/\/www.bau-styl.hu\/epitoanyag\/wp-json\/wp\/v2\/product_brand?post=5350"},{"taxonomy":"product_cat","embeddable":true,"href":"https:\/\/www.bau-styl.hu\/epitoanyag\/wp-json\/wp\/v2\/product_cat?post=5350"},{"taxonomy":"product_tag","embeddable":true,"href":"https:\/\/www.bau-styl.hu\/epitoanyag\/wp-json\/wp\/v2\/product_tag?post=5350"}],"curies":[{"name":"wp","href":"https:\/\/api.w.org\/{rel}","templated":true}]}}