{"id":5395,"date":"2019-10-25T06:48:58","date_gmt":"2019-10-25T06:48:58","guid":{"rendered":"https:\/\/www.bau-styl.hu\/epitoanyag\/termek\/velux-dkl-mk08-fenyzaro-rolo-0705s-78x140-cm\/"},"modified":"2026-04-20T14:07:39","modified_gmt":"2026-04-20T12:07:39","slug":"velux-dkl-mk08-fenyzaro-rolo-0705s-78x140-cm","status":"publish","type":"product","link":"https:\/\/www.bau-styl.hu\/epitoanyag\/termek\/velux-dkl-mk08-fenyzaro-rolo-0705s-78x140-cm\/","title":{"rendered":"Velux DKL MK08 F\u00e9nyz\u00e1r\u00f3 rol\u00f3 0705S 78&#215;140 cm"},"content":{"rendered":"","protected":false},"excerpt":{"rendered":"","protected":false},"featured_media":28639,"template":"","meta":[],"product_brand":[11314],"product_cat":[11345,185],"product_tag":[],"class_list":{"0":"post-5395","1":"product","2":"type-product","3":"status-publish","4":"has-post-thumbnail","6":"product_brand-velux","7":"product_cat-belso-arnyekolok","8":"product_cat-nyilaszarok","10":"first","11":"instock","12":"taxable","13":"shipping-taxable","14":"purchasable","15":"product-type-simple"},"aioseo_notices":[],"_links":{"self":[{"href":"https:\/\/www.bau-styl.hu\/epitoanyag\/wp-json\/wp\/v2\/product\/5395","targetHints":{"allow":["GET"]}}],"collection":[{"href":"https:\/\/www.bau-styl.hu\/epitoanyag\/wp-json\/wp\/v2\/product"}],"about":[{"href":"https:\/\/www.bau-styl.hu\/epitoanyag\/wp-json\/wp\/v2\/types\/product"}],"wp:featuredmedia":[{"embeddable":true,"href":"https:\/\/www.bau-styl.hu\/epitoanyag\/wp-json\/wp\/v2\/media\/28639"}],"wp:attachment":[{"href":"https:\/\/www.bau-styl.hu\/epitoanyag\/wp-json\/wp\/v2\/media?parent=5395"}],"wp:term":[{"taxonomy":"product_brand","embeddable":true,"href":"https:\/\/www.bau-styl.hu\/epitoanyag\/wp-json\/wp\/v2\/product_brand?post=5395"},{"taxonomy":"product_cat","embeddable":true,"href":"https:\/\/www.bau-styl.hu\/epitoanyag\/wp-json\/wp\/v2\/product_cat?post=5395"},{"taxonomy":"product_tag","embeddable":true,"href":"https:\/\/www.bau-styl.hu\/epitoanyag\/wp-json\/wp\/v2\/product_tag?post=5395"}],"curies":[{"name":"wp","href":"https:\/\/api.w.org\/{rel}","templated":true}]}}