{"id":5439,"date":"2019-10-25T06:50:07","date_gmt":"2019-10-25T06:50:07","guid":{"rendered":"https:\/\/www.bau-styl.hu\/epitoanyag\/termek\/velux-isd-090120-felulvilagito-kupola-viztiszta-polikarbonat-90x120-cm\/"},"modified":"2026-02-04T20:20:16","modified_gmt":"2026-02-04T18:20:16","slug":"velux-isd-090120-0010-felulvilagito-kupola-viztiszta-polikarbonat-90x120-cm","status":"publish","type":"product","link":"https:\/\/www.bau-styl.hu\/epitoanyag\/termek\/velux-isd-090120-0010-felulvilagito-kupola-viztiszta-polikarbonat-90x120-cm\/","title":{"rendered":"Velux ISD 090120 0010 Fel\u00fclvil\u00e1g\u00edt\u00f3 kupola v\u00edztiszta polikarbon\u00e1t 90&#215;120 cm"},"content":{"rendered":"","protected":false},"excerpt":{"rendered":"","protected":false},"featured_media":3219,"template":"","meta":[],"product_brand":[],"product_cat":[185,6636],"product_tag":[6594],"class_list":{"0":"post-5439","1":"product","2":"type-product","3":"status-publish","4":"has-post-thumbnail","6":"product_cat-nyilaszarok","7":"product_cat-fenycsatorna-es-felulvilagito","8":"product_tag-velux","10":"first","11":"instock","12":"taxable","13":"shipping-taxable","14":"purchasable","15":"product-type-simple"},"aioseo_notices":[],"_links":{"self":[{"href":"https:\/\/www.bau-styl.hu\/epitoanyag\/wp-json\/wp\/v2\/product\/5439","targetHints":{"allow":["GET"]}}],"collection":[{"href":"https:\/\/www.bau-styl.hu\/epitoanyag\/wp-json\/wp\/v2\/product"}],"about":[{"href":"https:\/\/www.bau-styl.hu\/epitoanyag\/wp-json\/wp\/v2\/types\/product"}],"wp:featuredmedia":[{"embeddable":true,"href":"https:\/\/www.bau-styl.hu\/epitoanyag\/wp-json\/wp\/v2\/media\/3219"}],"wp:attachment":[{"href":"https:\/\/www.bau-styl.hu\/epitoanyag\/wp-json\/wp\/v2\/media?parent=5439"}],"wp:term":[{"taxonomy":"product_brand","embeddable":true,"href":"https:\/\/www.bau-styl.hu\/epitoanyag\/wp-json\/wp\/v2\/product_brand?post=5439"},{"taxonomy":"product_cat","embeddable":true,"href":"https:\/\/www.bau-styl.hu\/epitoanyag\/wp-json\/wp\/v2\/product_cat?post=5439"},{"taxonomy":"product_tag","embeddable":true,"href":"https:\/\/www.bau-styl.hu\/epitoanyag\/wp-json\/wp\/v2\/product_tag?post=5439"}],"curies":[{"name":"wp","href":"https:\/\/api.w.org\/{rel}","templated":true}]}}