{"id":5472,"date":"2019-10-25T06:50:25","date_gmt":"2019-10-25T06:50:25","guid":{"rendered":"https:\/\/www.bau-styl.hu\/epitoanyag\/termek\/velux-tlr-0k14-fenycsatorna-merev-csovel-sik-tetofedo-anyaghoz-170-cm\/"},"modified":"2026-02-04T20:20:07","modified_gmt":"2026-02-04T18:20:07","slug":"velux-tlr-0k14-fenycsatorna-merev-csovel-d-35-cm-sik-tetofedo-anyaghoz-170-cm","status":"publish","type":"product","link":"https:\/\/www.bau-styl.hu\/epitoanyag\/termek\/velux-tlr-0k14-fenycsatorna-merev-csovel-d-35-cm-sik-tetofedo-anyaghoz-170-cm\/","title":{"rendered":"Velux TLR 0K14 F\u00e9nycsatorna merev cs\u0151vel d=35 cm, s\u00edk tet\u0151fed\u0151 anyaghoz 170 cm"},"content":{"rendered":"","protected":false},"excerpt":{"rendered":"","protected":false},"featured_media":3191,"template":"","meta":[],"product_brand":[],"product_cat":[185,6636],"product_tag":[6594],"class_list":{"0":"post-5472","1":"product","2":"type-product","3":"status-publish","4":"has-post-thumbnail","6":"product_cat-nyilaszarok","7":"product_cat-fenycsatorna-es-felulvilagito","8":"product_tag-velux","10":"first","11":"instock","12":"taxable","13":"shipping-taxable","14":"purchasable","15":"product-type-simple"},"aioseo_notices":[],"_links":{"self":[{"href":"https:\/\/www.bau-styl.hu\/epitoanyag\/wp-json\/wp\/v2\/product\/5472","targetHints":{"allow":["GET"]}}],"collection":[{"href":"https:\/\/www.bau-styl.hu\/epitoanyag\/wp-json\/wp\/v2\/product"}],"about":[{"href":"https:\/\/www.bau-styl.hu\/epitoanyag\/wp-json\/wp\/v2\/types\/product"}],"wp:featuredmedia":[{"embeddable":true,"href":"https:\/\/www.bau-styl.hu\/epitoanyag\/wp-json\/wp\/v2\/media\/3191"}],"wp:attachment":[{"href":"https:\/\/www.bau-styl.hu\/epitoanyag\/wp-json\/wp\/v2\/media?parent=5472"}],"wp:term":[{"taxonomy":"product_brand","embeddable":true,"href":"https:\/\/www.bau-styl.hu\/epitoanyag\/wp-json\/wp\/v2\/product_brand?post=5472"},{"taxonomy":"product_cat","embeddable":true,"href":"https:\/\/www.bau-styl.hu\/epitoanyag\/wp-json\/wp\/v2\/product_cat?post=5472"},{"taxonomy":"product_tag","embeddable":true,"href":"https:\/\/www.bau-styl.hu\/epitoanyag\/wp-json\/wp\/v2\/product_tag?post=5472"}],"curies":[{"name":"wp","href":"https:\/\/api.w.org\/{rel}","templated":true}]}}