{"id":5479,"date":"2019-10-25T06:50:29","date_gmt":"2019-10-25T06:50:29","guid":{"rendered":"https:\/\/www.bau-styl.hu\/epitoanyag\/termek\/velux-zce-80080-magasito-toktoldo-elem-felulvilagito-kupolahoz\/"},"modified":"2026-02-04T20:20:27","modified_gmt":"2026-02-04T18:20:27","slug":"velux-zce-080080-0015-magasito-toktoldo-elem-15-cm-felulvilagito-kupolahoz-szegellyel-80x80-cm","status":"publish","type":"product","link":"https:\/\/www.bau-styl.hu\/epitoanyag\/termek\/velux-zce-080080-0015-magasito-toktoldo-elem-15-cm-felulvilagito-kupolahoz-szegellyel-80x80-cm\/","title":{"rendered":"Velux ZCE 080080 0015 Magas\u00edt\u00f3 toktold\u00f3 elem 15 cm, fel\u00fclvil\u00e1g\u00edt\u00f3 kupol\u00e1hoz, szeg\u00e9llyel 80&#215;80 cm"},"content":{"rendered":"","protected":false},"excerpt":{"rendered":"","protected":false},"featured_media":29059,"template":"","meta":[],"product_brand":[],"product_cat":[185,199,203],"product_tag":[6594],"class_list":{"0":"post-5479","1":"product","2":"type-product","3":"status-publish","4":"has-post-thumbnail","6":"product_cat-nyilaszarok","7":"product_cat-velux","8":"product_cat-kiegeszitotermek-velux","9":"product_tag-velux","11":"first","12":"instock","13":"taxable","14":"shipping-taxable","15":"purchasable","16":"product-type-simple"},"aioseo_notices":[],"_links":{"self":[{"href":"https:\/\/www.bau-styl.hu\/epitoanyag\/wp-json\/wp\/v2\/product\/5479","targetHints":{"allow":["GET"]}}],"collection":[{"href":"https:\/\/www.bau-styl.hu\/epitoanyag\/wp-json\/wp\/v2\/product"}],"about":[{"href":"https:\/\/www.bau-styl.hu\/epitoanyag\/wp-json\/wp\/v2\/types\/product"}],"wp:featuredmedia":[{"embeddable":true,"href":"https:\/\/www.bau-styl.hu\/epitoanyag\/wp-json\/wp\/v2\/media\/29059"}],"wp:attachment":[{"href":"https:\/\/www.bau-styl.hu\/epitoanyag\/wp-json\/wp\/v2\/media?parent=5479"}],"wp:term":[{"taxonomy":"product_brand","embeddable":true,"href":"https:\/\/www.bau-styl.hu\/epitoanyag\/wp-json\/wp\/v2\/product_brand?post=5479"},{"taxonomy":"product_cat","embeddable":true,"href":"https:\/\/www.bau-styl.hu\/epitoanyag\/wp-json\/wp\/v2\/product_cat?post=5479"},{"taxonomy":"product_tag","embeddable":true,"href":"https:\/\/www.bau-styl.hu\/epitoanyag\/wp-json\/wp\/v2\/product_tag?post=5479"}],"curies":[{"name":"wp","href":"https:\/\/api.w.org\/{rel}","templated":true}]}}