{"id":5486,"date":"2019-10-25T06:50:34","date_gmt":"2019-10-25T06:50:34","guid":{"rendered":"https:\/\/www.bau-styl.hu\/epitoanyag\/termek\/velux-zil-mk10-szunyoghalo-mk08-m08-mk10-m10-mk12-m12-ablakra\/"},"modified":"2026-02-04T20:21:14","modified_gmt":"2026-02-04T18:21:14","slug":"velux-zil-szunyoghalo-mk04-m04-mk06-m06-ablakra-feher-sinnel","status":"publish","type":"product","link":"https:\/\/www.bau-styl.hu\/epitoanyag\/termek\/velux-zil-szunyoghalo-mk04-m04-mk06-m06-ablakra-feher-sinnel\/","title":{"rendered":"Velux ZIL MK06 Sz\u00fanyogh\u00e1l\u00f3 MK04\/M04\/MK06\/M06 ablakra, feh\u00e9r s\u00ednnel"},"content":{"rendered":"","protected":false},"excerpt":{"rendered":"","protected":false},"featured_media":28993,"template":"","meta":[],"product_brand":[],"product_cat":[185,187,199,203],"product_tag":[6594],"class_list":{"0":"post-5486","1":"product","2":"type-product","3":"status-publish","4":"has-post-thumbnail","6":"product_cat-nyilaszarok","7":"product_cat-tetoteri-ablak","8":"product_cat-velux","9":"product_cat-kiegeszitotermek-velux","10":"product_tag-velux","12":"first","13":"instock","14":"taxable","15":"shipping-taxable","16":"purchasable","17":"product-type-simple"},"aioseo_notices":[],"_links":{"self":[{"href":"https:\/\/www.bau-styl.hu\/epitoanyag\/wp-json\/wp\/v2\/product\/5486","targetHints":{"allow":["GET"]}}],"collection":[{"href":"https:\/\/www.bau-styl.hu\/epitoanyag\/wp-json\/wp\/v2\/product"}],"about":[{"href":"https:\/\/www.bau-styl.hu\/epitoanyag\/wp-json\/wp\/v2\/types\/product"}],"wp:featuredmedia":[{"embeddable":true,"href":"https:\/\/www.bau-styl.hu\/epitoanyag\/wp-json\/wp\/v2\/media\/28993"}],"wp:attachment":[{"href":"https:\/\/www.bau-styl.hu\/epitoanyag\/wp-json\/wp\/v2\/media?parent=5486"}],"wp:term":[{"taxonomy":"product_brand","embeddable":true,"href":"https:\/\/www.bau-styl.hu\/epitoanyag\/wp-json\/wp\/v2\/product_brand?post=5486"},{"taxonomy":"product_cat","embeddable":true,"href":"https:\/\/www.bau-styl.hu\/epitoanyag\/wp-json\/wp\/v2\/product_cat?post=5486"},{"taxonomy":"product_tag","embeddable":true,"href":"https:\/\/www.bau-styl.hu\/epitoanyag\/wp-json\/wp\/v2\/product_tag?post=5486"}],"curies":[{"name":"wp","href":"https:\/\/api.w.org\/{rel}","templated":true}]}}