{"id":5505,"date":"2019-10-25T06:55:13","date_gmt":"2019-10-25T06:55:13","guid":{"rendered":"https:\/\/www.bau-styl.hu\/epitoanyag\/termek\/velux-ggl-mk06-tetoteri-ablak-ragasztott-uveggel-78x118-cm\/"},"modified":"2026-02-04T20:20:31","modified_gmt":"2026-02-04T18:20:31","slug":"velux-ggl-mk06-3070-billeno-fa-tetoablak-biztonsagi-uveggel-78x118-cm","status":"publish","type":"product","link":"https:\/\/www.bau-styl.hu\/epitoanyag\/termek\/velux-ggl-mk06-3070-billeno-fa-tetoablak-biztonsagi-uveggel-78x118-cm\/","title":{"rendered":"Velux GGL MK06 3070 Billen\u0151 fa tet\u0151ablak, biztons\u00e1gi \u00fcveggel 78&#215;118 cm"},"content":{"rendered":"","protected":false},"excerpt":{"rendered":"","protected":false},"featured_media":28603,"template":"","meta":[],"product_brand":[],"product_cat":[185,187,199,200],"product_tag":[6594],"class_list":{"0":"post-5505","1":"product","2":"type-product","3":"status-publish","4":"has-post-thumbnail","6":"product_cat-nyilaszarok","7":"product_cat-tetoteri-ablak","8":"product_cat-velux","9":"product_cat-ablak-velux","10":"product_tag-velux","12":"first","13":"instock","14":"taxable","15":"shipping-taxable","16":"purchasable","17":"product-type-simple"},"aioseo_notices":[],"_links":{"self":[{"href":"https:\/\/www.bau-styl.hu\/epitoanyag\/wp-json\/wp\/v2\/product\/5505","targetHints":{"allow":["GET"]}}],"collection":[{"href":"https:\/\/www.bau-styl.hu\/epitoanyag\/wp-json\/wp\/v2\/product"}],"about":[{"href":"https:\/\/www.bau-styl.hu\/epitoanyag\/wp-json\/wp\/v2\/types\/product"}],"wp:featuredmedia":[{"embeddable":true,"href":"https:\/\/www.bau-styl.hu\/epitoanyag\/wp-json\/wp\/v2\/media\/28603"}],"wp:attachment":[{"href":"https:\/\/www.bau-styl.hu\/epitoanyag\/wp-json\/wp\/v2\/media?parent=5505"}],"wp:term":[{"taxonomy":"product_brand","embeddable":true,"href":"https:\/\/www.bau-styl.hu\/epitoanyag\/wp-json\/wp\/v2\/product_brand?post=5505"},{"taxonomy":"product_cat","embeddable":true,"href":"https:\/\/www.bau-styl.hu\/epitoanyag\/wp-json\/wp\/v2\/product_cat?post=5505"},{"taxonomy":"product_tag","embeddable":true,"href":"https:\/\/www.bau-styl.hu\/epitoanyag\/wp-json\/wp\/v2\/product_tag?post=5505"}],"curies":[{"name":"wp","href":"https:\/\/api.w.org\/{rel}","templated":true}]}}