{"id":5525,"date":"2019-10-25T06:55:28","date_gmt":"2019-10-25T06:55:28","guid":{"rendered":"https:\/\/www.bau-styl.hu\/epitoanyag\/termek\/velux-gll-mk08-1061b-standard-plus-ablak-also-kilinccsel-haromretegu-uveggel-78x140-cm\/"},"modified":"2026-04-20T14:13:05","modified_gmt":"2026-04-20T12:13:05","slug":"velux-gll-mk08-1061b-standard-billeno-fa-tetoablak-also-kilinccsel-3-retegu-uveggel-78x140-cm","status":"publish","type":"product","link":"https:\/\/www.bau-styl.hu\/epitoanyag\/termek\/velux-gll-mk08-1061b-standard-billeno-fa-tetoablak-also-kilinccsel-3-retegu-uveggel-78x140-cm\/","title":{"rendered":"Velux GLL MK08 1061B Standard Billen\u0151 fa tet\u0151ablak als\u00f3 kilinccsel, 3 r\u00e9teg\u0171 \u00fcveggel 78&#215;140 cm"},"content":{"rendered":"","protected":false},"excerpt":{"rendered":"","protected":false},"featured_media":28592,"template":"","meta":[],"product_brand":[11314],"product_cat":[11352,185],"product_tag":[],"class_list":{"0":"post-5525","1":"product","2":"type-product","3":"status-publish","4":"has-post-thumbnail","6":"product_brand-velux","7":"product_cat-tetoteri-ablak","8":"product_cat-nyilaszarok","10":"first","11":"instock","12":"taxable","13":"shipping-taxable","14":"purchasable","15":"product-type-simple"},"aioseo_notices":[],"_links":{"self":[{"href":"https:\/\/www.bau-styl.hu\/epitoanyag\/wp-json\/wp\/v2\/product\/5525","targetHints":{"allow":["GET"]}}],"collection":[{"href":"https:\/\/www.bau-styl.hu\/epitoanyag\/wp-json\/wp\/v2\/product"}],"about":[{"href":"https:\/\/www.bau-styl.hu\/epitoanyag\/wp-json\/wp\/v2\/types\/product"}],"wp:featuredmedia":[{"embeddable":true,"href":"https:\/\/www.bau-styl.hu\/epitoanyag\/wp-json\/wp\/v2\/media\/28592"}],"wp:attachment":[{"href":"https:\/\/www.bau-styl.hu\/epitoanyag\/wp-json\/wp\/v2\/media?parent=5525"}],"wp:term":[{"taxonomy":"product_brand","embeddable":true,"href":"https:\/\/www.bau-styl.hu\/epitoanyag\/wp-json\/wp\/v2\/product_brand?post=5525"},{"taxonomy":"product_cat","embeddable":true,"href":"https:\/\/www.bau-styl.hu\/epitoanyag\/wp-json\/wp\/v2\/product_cat?post=5525"},{"taxonomy":"product_tag","embeddable":true,"href":"https:\/\/www.bau-styl.hu\/epitoanyag\/wp-json\/wp\/v2\/product_tag?post=5525"}],"curies":[{"name":"wp","href":"https:\/\/api.w.org\/{rel}","templated":true}]}}