{"id":5532,"date":"2019-10-25T06:55:34","date_gmt":"2019-10-25T06:55:34","guid":{"rendered":"https:\/\/www.bau-styl.hu\/epitoanyag\/termek\/velux-glu-ck02-0061-standard-plus-tetoteri-ablak-felso-kilinccsel-haromretegu-uveggel-55x78-cm\/"},"modified":"2026-04-20T14:13:05","modified_gmt":"2026-04-20T12:13:05","slug":"velux-glu-ck02-0061-standard-billenos-pu-bevonatos-tetoablak-felso-kilinccsel-3-retegu-uveggel-55x78-cm","status":"publish","type":"product","link":"https:\/\/www.bau-styl.hu\/epitoanyag\/termek\/velux-glu-ck02-0061-standard-billenos-pu-bevonatos-tetoablak-felso-kilinccsel-3-retegu-uveggel-55x78-cm\/","title":{"rendered":"Velux GLU CK02 0061 Standard Billen\u0151s PU bevonatos tet\u0151ablak fels\u0151 kilinccsel, 3 r\u00e9teg\u0171 \u00fcveggel 55&#215;78 cm"},"content":{"rendered":"","protected":false},"excerpt":{"rendered":"","protected":false},"featured_media":28601,"template":"","meta":[],"product_brand":[11314],"product_cat":[11352,185],"product_tag":[],"class_list":{"0":"post-5532","1":"product","2":"type-product","3":"status-publish","4":"has-post-thumbnail","6":"product_brand-velux","7":"product_cat-tetoteri-ablak","8":"product_cat-nyilaszarok","10":"first","11":"instock","12":"taxable","13":"shipping-taxable","14":"purchasable","15":"product-type-simple"},"aioseo_notices":[],"_links":{"self":[{"href":"https:\/\/www.bau-styl.hu\/epitoanyag\/wp-json\/wp\/v2\/product\/5532","targetHints":{"allow":["GET"]}}],"collection":[{"href":"https:\/\/www.bau-styl.hu\/epitoanyag\/wp-json\/wp\/v2\/product"}],"about":[{"href":"https:\/\/www.bau-styl.hu\/epitoanyag\/wp-json\/wp\/v2\/types\/product"}],"wp:featuredmedia":[{"embeddable":true,"href":"https:\/\/www.bau-styl.hu\/epitoanyag\/wp-json\/wp\/v2\/media\/28601"}],"wp:attachment":[{"href":"https:\/\/www.bau-styl.hu\/epitoanyag\/wp-json\/wp\/v2\/media?parent=5532"}],"wp:term":[{"taxonomy":"product_brand","embeddable":true,"href":"https:\/\/www.bau-styl.hu\/epitoanyag\/wp-json\/wp\/v2\/product_brand?post=5532"},{"taxonomy":"product_cat","embeddable":true,"href":"https:\/\/www.bau-styl.hu\/epitoanyag\/wp-json\/wp\/v2\/product_cat?post=5532"},{"taxonomy":"product_tag","embeddable":true,"href":"https:\/\/www.bau-styl.hu\/epitoanyag\/wp-json\/wp\/v2\/product_tag?post=5532"}],"curies":[{"name":"wp","href":"https:\/\/api.w.org\/{rel}","templated":true}]}}