{"id":5543,"date":"2019-10-25T06:55:44","date_gmt":"2019-10-25T06:55:44","guid":{"rendered":"https:\/\/www.bau-styl.hu\/epitoanyag\/termek\/velux-glu-mk06-0061-standard-plus-ablak-felso-kilinccsel-haromretegu-uveggel-78x118-cm\/"},"modified":"2026-02-04T20:20:35","modified_gmt":"2026-02-04T18:20:35","slug":"velux-glu-mk06-0061-standard-billeno-pu-bevonatos-tetoablak-felso-kilinccsel-3-retegu-uveggel-78x118-cm","status":"publish","type":"product","link":"https:\/\/www.bau-styl.hu\/epitoanyag\/termek\/velux-glu-mk06-0061-standard-billeno-pu-bevonatos-tetoablak-felso-kilinccsel-3-retegu-uveggel-78x118-cm\/","title":{"rendered":"Velux GLU MK06 0061 Standard Billen\u0151 PU bevonatos tet\u0151ablak fels\u0151 kilinccsel, 3 r\u00e9teg\u0171 \u00fcveggel 78&#215;118 cm"},"content":{"rendered":"","protected":false},"excerpt":{"rendered":"","protected":false},"featured_media":28601,"template":"","meta":[],"product_brand":[],"product_cat":[185,187,199,200],"product_tag":[6594],"class_list":{"0":"post-5543","1":"product","2":"type-product","3":"status-publish","4":"has-post-thumbnail","6":"product_cat-nyilaszarok","7":"product_cat-tetoteri-ablak","8":"product_cat-velux","9":"product_cat-ablak-velux","10":"product_tag-velux","12":"first","13":"instock","14":"taxable","15":"shipping-taxable","16":"purchasable","17":"product-type-simple"},"aioseo_notices":[],"_links":{"self":[{"href":"https:\/\/www.bau-styl.hu\/epitoanyag\/wp-json\/wp\/v2\/product\/5543","targetHints":{"allow":["GET"]}}],"collection":[{"href":"https:\/\/www.bau-styl.hu\/epitoanyag\/wp-json\/wp\/v2\/product"}],"about":[{"href":"https:\/\/www.bau-styl.hu\/epitoanyag\/wp-json\/wp\/v2\/types\/product"}],"wp:featuredmedia":[{"embeddable":true,"href":"https:\/\/www.bau-styl.hu\/epitoanyag\/wp-json\/wp\/v2\/media\/28601"}],"wp:attachment":[{"href":"https:\/\/www.bau-styl.hu\/epitoanyag\/wp-json\/wp\/v2\/media?parent=5543"}],"wp:term":[{"taxonomy":"product_brand","embeddable":true,"href":"https:\/\/www.bau-styl.hu\/epitoanyag\/wp-json\/wp\/v2\/product_brand?post=5543"},{"taxonomy":"product_cat","embeddable":true,"href":"https:\/\/www.bau-styl.hu\/epitoanyag\/wp-json\/wp\/v2\/product_cat?post=5543"},{"taxonomy":"product_tag","embeddable":true,"href":"https:\/\/www.bau-styl.hu\/epitoanyag\/wp-json\/wp\/v2\/product_tag?post=5543"}],"curies":[{"name":"wp","href":"https:\/\/api.w.org\/{rel}","templated":true}]}}