{"id":5556,"date":"2019-10-25T06:55:55","date_gmt":"2019-10-25T06:55:55","guid":{"rendered":"https:\/\/www.bau-styl.hu\/epitoanyag\/termek\/velux-gpl-mk08-felnyilo-fa-tetoteri-ablakalso-felso-kilincs-haromretegu-uveg-78x140-cm\/"},"modified":"2026-02-04T20:20:02","modified_gmt":"2026-02-04T18:20:02","slug":"velux-gpl-mk08-3066-felnyilo-fa-tetoablak-also-felso-kilinccsel-3-retegu-uveggel-78x140-cm","status":"publish","type":"product","link":"https:\/\/www.bau-styl.hu\/epitoanyag\/termek\/velux-gpl-mk08-3066-felnyilo-fa-tetoablak-also-felso-kilinccsel-3-retegu-uveggel-78x140-cm\/","title":{"rendered":"Velux GPL MK08 3066 Felny\u00edl\u00f3 fa tet\u0151ablak als\u00f3-fels\u0151 kilinccsel, 3 r\u00e9teg\u0171 \u00fcveggel 78&#215;140 cm"},"content":{"rendered":"","protected":false},"excerpt":{"rendered":"","protected":false},"featured_media":28605,"template":"","meta":[],"product_brand":[],"product_cat":[185,187,199,200],"product_tag":[6594],"class_list":{"0":"post-5556","1":"product","2":"type-product","3":"status-publish","4":"has-post-thumbnail","6":"product_cat-nyilaszarok","7":"product_cat-tetoteri-ablak","8":"product_cat-velux","9":"product_cat-ablak-velux","10":"product_tag-velux","12":"first","13":"instock","14":"taxable","15":"shipping-taxable","16":"purchasable","17":"product-type-simple"},"aioseo_notices":[],"_links":{"self":[{"href":"https:\/\/www.bau-styl.hu\/epitoanyag\/wp-json\/wp\/v2\/product\/5556","targetHints":{"allow":["GET"]}}],"collection":[{"href":"https:\/\/www.bau-styl.hu\/epitoanyag\/wp-json\/wp\/v2\/product"}],"about":[{"href":"https:\/\/www.bau-styl.hu\/epitoanyag\/wp-json\/wp\/v2\/types\/product"}],"wp:featuredmedia":[{"embeddable":true,"href":"https:\/\/www.bau-styl.hu\/epitoanyag\/wp-json\/wp\/v2\/media\/28605"}],"wp:attachment":[{"href":"https:\/\/www.bau-styl.hu\/epitoanyag\/wp-json\/wp\/v2\/media?parent=5556"}],"wp:term":[{"taxonomy":"product_brand","embeddable":true,"href":"https:\/\/www.bau-styl.hu\/epitoanyag\/wp-json\/wp\/v2\/product_brand?post=5556"},{"taxonomy":"product_cat","embeddable":true,"href":"https:\/\/www.bau-styl.hu\/epitoanyag\/wp-json\/wp\/v2\/product_cat?post=5556"},{"taxonomy":"product_tag","embeddable":true,"href":"https:\/\/www.bau-styl.hu\/epitoanyag\/wp-json\/wp\/v2\/product_tag?post=5556"}],"curies":[{"name":"wp","href":"https:\/\/api.w.org\/{rel}","templated":true}]}}