{"id":5559,"date":"2019-10-25T06:55:56","date_gmt":"2019-10-25T06:55:56","guid":{"rendered":"https:\/\/www.bau-styl.hu\/epitoanyag\/termek\/velux-gpu-mk10-felnyilo-tetoteri-ablakpur-bevonat-feher-haromretegu-uveg-78x160-cm\/"},"modified":"2026-02-04T20:20:03","modified_gmt":"2026-02-04T18:20:03","slug":"velux-gpu-mk10-0066-felnyilo-pu-bevonatos-tetoablak-also-felso-kilinccsel-3-retegu-uveggel-78x160-cm","status":"publish","type":"product","link":"https:\/\/www.bau-styl.hu\/epitoanyag\/termek\/velux-gpu-mk10-0066-felnyilo-pu-bevonatos-tetoablak-also-felso-kilinccsel-3-retegu-uveggel-78x160-cm\/","title":{"rendered":"Velux GPU MK10 0066 Felny\u00edl\u00f3 PU bevonatos tet\u0151ablak als\u00f3-fels\u0151 kilinccsel, 3 r\u00e9teg\u0171 \u00fcveggel 78&#215;160 cm"},"content":{"rendered":"","protected":false},"excerpt":{"rendered":"","protected":false},"featured_media":28606,"template":"","meta":[],"product_brand":[],"product_cat":[185,187,199,200],"product_tag":[6594],"class_list":{"0":"post-5559","1":"product","2":"type-product","3":"status-publish","4":"has-post-thumbnail","6":"product_cat-nyilaszarok","7":"product_cat-tetoteri-ablak","8":"product_cat-velux","9":"product_cat-ablak-velux","10":"product_tag-velux","12":"first","13":"instock","14":"taxable","15":"shipping-taxable","16":"purchasable","17":"product-type-simple"},"aioseo_notices":[],"_links":{"self":[{"href":"https:\/\/www.bau-styl.hu\/epitoanyag\/wp-json\/wp\/v2\/product\/5559","targetHints":{"allow":["GET"]}}],"collection":[{"href":"https:\/\/www.bau-styl.hu\/epitoanyag\/wp-json\/wp\/v2\/product"}],"about":[{"href":"https:\/\/www.bau-styl.hu\/epitoanyag\/wp-json\/wp\/v2\/types\/product"}],"wp:featuredmedia":[{"embeddable":true,"href":"https:\/\/www.bau-styl.hu\/epitoanyag\/wp-json\/wp\/v2\/media\/28606"}],"wp:attachment":[{"href":"https:\/\/www.bau-styl.hu\/epitoanyag\/wp-json\/wp\/v2\/media?parent=5559"}],"wp:term":[{"taxonomy":"product_brand","embeddable":true,"href":"https:\/\/www.bau-styl.hu\/epitoanyag\/wp-json\/wp\/v2\/product_brand?post=5559"},{"taxonomy":"product_cat","embeddable":true,"href":"https:\/\/www.bau-styl.hu\/epitoanyag\/wp-json\/wp\/v2\/product_cat?post=5559"},{"taxonomy":"product_tag","embeddable":true,"href":"https:\/\/www.bau-styl.hu\/epitoanyag\/wp-json\/wp\/v2\/product_tag?post=5559"}],"curies":[{"name":"wp","href":"https:\/\/api.w.org\/{rel}","templated":true}]}}