{"id":5623,"date":"2019-10-25T07:07:47","date_gmt":"2019-10-25T07:07:47","guid":{"rendered":"https:\/\/www.bau-styl.hu\/epitoanyag\/termek\/velux-eds-2000-fk04-beepito-keszlet\/"},"modified":"2026-02-04T20:20:30","modified_gmt":"2026-02-04T18:20:30","slug":"velux-eds-2000-fk04-beepito-keszlet-sik-tetofedo-anyaghoz-66x98-cm","status":"publish","type":"product","link":"https:\/\/www.bau-styl.hu\/epitoanyag\/termek\/velux-eds-2000-fk04-beepito-keszlet-sik-tetofedo-anyaghoz-66x98-cm\/","title":{"rendered":"Velux EDS 2000 FK04 Be\u00e9p\u00edt\u0151 k\u00e9szlet s\u00edk tet\u0151fed\u0151 anyaghoz 66&#215;98 cm"},"content":{"rendered":"","protected":false},"excerpt":{"rendered":"","protected":false},"featured_media":28611,"template":"","meta":[],"product_brand":[],"product_cat":[185,187,199,202],"product_tag":[6594],"class_list":{"0":"post-5623","1":"product","2":"type-product","3":"status-publish","4":"has-post-thumbnail","6":"product_cat-nyilaszarok","7":"product_cat-tetoteri-ablak","8":"product_cat-velux","9":"product_cat-burkolokeret-velux","10":"product_tag-velux","12":"first","13":"instock","14":"taxable","15":"shipping-taxable","16":"purchasable","17":"product-type-simple"},"aioseo_notices":[],"_links":{"self":[{"href":"https:\/\/www.bau-styl.hu\/epitoanyag\/wp-json\/wp\/v2\/product\/5623","targetHints":{"allow":["GET"]}}],"collection":[{"href":"https:\/\/www.bau-styl.hu\/epitoanyag\/wp-json\/wp\/v2\/product"}],"about":[{"href":"https:\/\/www.bau-styl.hu\/epitoanyag\/wp-json\/wp\/v2\/types\/product"}],"wp:featuredmedia":[{"embeddable":true,"href":"https:\/\/www.bau-styl.hu\/epitoanyag\/wp-json\/wp\/v2\/media\/28611"}],"wp:attachment":[{"href":"https:\/\/www.bau-styl.hu\/epitoanyag\/wp-json\/wp\/v2\/media?parent=5623"}],"wp:term":[{"taxonomy":"product_brand","embeddable":true,"href":"https:\/\/www.bau-styl.hu\/epitoanyag\/wp-json\/wp\/v2\/product_brand?post=5623"},{"taxonomy":"product_cat","embeddable":true,"href":"https:\/\/www.bau-styl.hu\/epitoanyag\/wp-json\/wp\/v2\/product_cat?post=5623"},{"taxonomy":"product_tag","embeddable":true,"href":"https:\/\/www.bau-styl.hu\/epitoanyag\/wp-json\/wp\/v2\/product_tag?post=5623"}],"curies":[{"name":"wp","href":"https:\/\/api.w.org\/{rel}","templated":true}]}}