{"id":5667,"date":"2019-10-25T08:23:55","date_gmt":"2019-10-25T06:23:55","guid":{"rendered":"https:\/\/www.bau-styl.hu\/epitoanyag\/termek\/baumit-baumacol-flextop-flexibilis-burkolatragaszto-s1-25-kg\/"},"modified":"2026-04-22T20:45:21","modified_gmt":"2026-04-22T18:45:21","slug":"baumit-baumacol-flextop-flexibilis-burkolatragaszto-s1-25-kg","status":"publish","type":"product","link":"https:\/\/www.bau-styl.hu\/epitoanyag\/termek\/baumit-baumacol-flextop-flexibilis-burkolatragaszto-s1-25-kg\/","title":{"rendered":"Baumit Baumacol FlexTop Flexibilis Burkolatragaszt\u00f3 S1 25 kg"},"content":{"rendered":"","protected":false},"excerpt":{"rendered":"<p>V\u00edz- \u00e9s fagy\u00e1ll\u00f3, cementb\u00e1zis\u00fa, v\u00e9kony\u00e1gyas burkolatragaszt\u00f3, mely greslapok, csemp\u00e9k, s mozaikok ragaszt\u00e1s\u00e1ra is alkalmazhat\u00f3, mint p\u00e9ld\u00e1ul teraszok, erk\u00e9lyek, padl\u00f3f\u0171t\u00e9s, medenc\u00e9k.<\/p>\n","protected":false},"featured_media":1931,"template":"","meta":[],"product_brand":[11263],"product_cat":[129,6632,2831,2832],"product_tag":[],"class_list":{"0":"post-5667","1":"product","2":"type-product","3":"status-publish","4":"has-post-thumbnail","6":"product_brand-baumit","7":"product_cat-hidegburkolas","8":"product_cat-ragasztastechnika","9":"product_cat-zsakos-termek","10":"product_cat-csemperagaszto-zsakos-aru-por-termek","12":"first","13":"instock","14":"taxable","15":"shipping-taxable","16":"purchasable","17":"product-type-simple"},"aioseo_notices":[],"_links":{"self":[{"href":"https:\/\/www.bau-styl.hu\/epitoanyag\/wp-json\/wp\/v2\/product\/5667","targetHints":{"allow":["GET"]}}],"collection":[{"href":"https:\/\/www.bau-styl.hu\/epitoanyag\/wp-json\/wp\/v2\/product"}],"about":[{"href":"https:\/\/www.bau-styl.hu\/epitoanyag\/wp-json\/wp\/v2\/types\/product"}],"wp:featuredmedia":[{"embeddable":true,"href":"https:\/\/www.bau-styl.hu\/epitoanyag\/wp-json\/wp\/v2\/media\/1931"}],"wp:attachment":[{"href":"https:\/\/www.bau-styl.hu\/epitoanyag\/wp-json\/wp\/v2\/media?parent=5667"}],"wp:term":[{"taxonomy":"product_brand","embeddable":true,"href":"https:\/\/www.bau-styl.hu\/epitoanyag\/wp-json\/wp\/v2\/product_brand?post=5667"},{"taxonomy":"product_cat","embeddable":true,"href":"https:\/\/www.bau-styl.hu\/epitoanyag\/wp-json\/wp\/v2\/product_cat?post=5667"},{"taxonomy":"product_tag","embeddable":true,"href":"https:\/\/www.bau-styl.hu\/epitoanyag\/wp-json\/wp\/v2\/product_tag?post=5667"}],"curies":[{"name":"wp","href":"https:\/\/api.w.org\/{rel}","templated":true}]}}