{"id":5673,"date":"2019-10-25T08:23:57","date_gmt":"2019-10-25T08:23:57","guid":{"rendered":"https:\/\/www.bau-styl.hu\/epitoanyag\/termek\/baumit-mpi-25-gv-25-belso-gepi-vakolat-40-kg\/"},"modified":"2025-04-23T23:51:17","modified_gmt":"2025-04-23T21:51:17","slug":"baumit-mpi-25-gv-25-belso-gepi-vakolat-40-kg","status":"publish","type":"product","link":"https:\/\/www.bau-styl.hu\/epitoanyag\/termek\/baumit-mpi-25-gv-25-belso-gepi-vakolat-40-kg\/","title":{"rendered":"Baumit MPI 25 (GV 25 bels\u0151 g\u00e9pi vakolat) 40 kg"},"content":{"rendered":"","protected":false},"excerpt":{"rendered":"<p>M\u00e9sz-cement alap\u00fa g\u00e9pi alapvakolat bels\u0151 t\u00e9rbe. J\u00f3 p\u00e1ra\u00e1tereszt\u0151 k\u00e9pess\u00e9g\u0171, nedvess\u00e9gnek ellen\u00e1ll\u00f3, illetve gyorsan \u00e9s egyszer\u0171en alkalmazhat\u00f3 anyag.<\/p>\n","protected":false},"featured_media":1937,"template":"","meta":[],"product_brand":[],"product_cat":[2831,2849,2850],"product_tag":[6581],"class_list":{"0":"post-5673","1":"product","2":"type-product","3":"status-publish","4":"has-post-thumbnail","6":"product_cat-zsakos-termek","7":"product_cat-vakolat-zsakos-aru-por-termek","8":"product_cat-baumit-vakolat-zsakos-aru-por-termek","9":"product_tag-baumit","11":"first","12":"instock","13":"taxable","14":"shipping-taxable","15":"purchasable","16":"product-type-simple"},"aioseo_notices":[],"_links":{"self":[{"href":"https:\/\/www.bau-styl.hu\/epitoanyag\/wp-json\/wp\/v2\/product\/5673","targetHints":{"allow":["GET"]}}],"collection":[{"href":"https:\/\/www.bau-styl.hu\/epitoanyag\/wp-json\/wp\/v2\/product"}],"about":[{"href":"https:\/\/www.bau-styl.hu\/epitoanyag\/wp-json\/wp\/v2\/types\/product"}],"wp:featuredmedia":[{"embeddable":true,"href":"https:\/\/www.bau-styl.hu\/epitoanyag\/wp-json\/wp\/v2\/media\/1937"}],"wp:attachment":[{"href":"https:\/\/www.bau-styl.hu\/epitoanyag\/wp-json\/wp\/v2\/media?parent=5673"}],"wp:term":[{"taxonomy":"product_brand","embeddable":true,"href":"https:\/\/www.bau-styl.hu\/epitoanyag\/wp-json\/wp\/v2\/product_brand?post=5673"},{"taxonomy":"product_cat","embeddable":true,"href":"https:\/\/www.bau-styl.hu\/epitoanyag\/wp-json\/wp\/v2\/product_cat?post=5673"},{"taxonomy":"product_tag","embeddable":true,"href":"https:\/\/www.bau-styl.hu\/epitoanyag\/wp-json\/wp\/v2\/product_tag?post=5673"}],"curies":[{"name":"wp","href":"https:\/\/api.w.org\/{rel}","templated":true}]}}