{"id":5689,"date":"2019-10-25T08:24:22","date_gmt":"2019-10-25T08:24:22","guid":{"rendered":"https:\/\/www.bau-styl.hu\/epitoanyag\/termek\/baumit-duotop-vekonyvakolat-kapart-15-mm-0018-25-kg\/"},"modified":"2026-04-22T20:43:06","modified_gmt":"2026-04-22T18:43:06","slug":"baumit-duotop-vekonyvakolat-kapart-15-mm-0018-25-kg","status":"publish","type":"product","link":"https:\/\/www.bau-styl.hu\/epitoanyag\/termek\/baumit-duotop-vekonyvakolat-kapart-15-mm-0018-25-kg\/","title":{"rendered":"Baumit DuoTop V\u00e9konyvakolat kapart 1,5 mm 0018, 25 kg"},"content":{"rendered":"","protected":false},"excerpt":{"rendered":"<p>M\u0171gyanta k\u00f6t\u0151anyag\u00fa, feldolgoz\u00e1sra k\u00e9sz homlokzati v\u00e9konyvakolat. Els\u0151sorban polisztirolos h\u0151szigetel\u0151 rendszerekhez alkalmazz\u00e1k, de felhordhat\u00f3 b\u00e1rmilyen alapvakolatra is.<\/p>\n","protected":false},"featured_media":1962,"template":"","meta":[],"product_brand":[11263],"product_cat":[332,6644],"product_tag":[],"class_list":{"0":"post-5689","1":"product","2":"type-product","3":"status-publish","4":"has-post-thumbnail","6":"product_brand-baumit","7":"product_cat-szinezes","8":"product_cat-nemesvakolat","10":"first","11":"instock","12":"taxable","13":"shipping-taxable","14":"purchasable","15":"product-type-simple"},"aioseo_notices":[],"_links":{"self":[{"href":"https:\/\/www.bau-styl.hu\/epitoanyag\/wp-json\/wp\/v2\/product\/5689","targetHints":{"allow":["GET"]}}],"collection":[{"href":"https:\/\/www.bau-styl.hu\/epitoanyag\/wp-json\/wp\/v2\/product"}],"about":[{"href":"https:\/\/www.bau-styl.hu\/epitoanyag\/wp-json\/wp\/v2\/types\/product"}],"wp:featuredmedia":[{"embeddable":true,"href":"https:\/\/www.bau-styl.hu\/epitoanyag\/wp-json\/wp\/v2\/media\/1962"}],"wp:attachment":[{"href":"https:\/\/www.bau-styl.hu\/epitoanyag\/wp-json\/wp\/v2\/media?parent=5689"}],"wp:term":[{"taxonomy":"product_brand","embeddable":true,"href":"https:\/\/www.bau-styl.hu\/epitoanyag\/wp-json\/wp\/v2\/product_brand?post=5689"},{"taxonomy":"product_cat","embeddable":true,"href":"https:\/\/www.bau-styl.hu\/epitoanyag\/wp-json\/wp\/v2\/product_cat?post=5689"},{"taxonomy":"product_tag","embeddable":true,"href":"https:\/\/www.bau-styl.hu\/epitoanyag\/wp-json\/wp\/v2\/product_tag?post=5689"}],"curies":[{"name":"wp","href":"https:\/\/api.w.org\/{rel}","templated":true}]}}