{"id":5701,"date":"2019-10-25T08:24:29","date_gmt":"2019-10-25T08:24:29","guid":{"rendered":"https:\/\/www.bau-styl.hu\/epitoanyag\/termek\/baumit-mosaiktop-labazati-es-diszito-vakolat-m330-25-kg\/"},"modified":"2025-04-23T23:49:12","modified_gmt":"2025-04-23T21:49:12","slug":"baumit-mosaiktop-labazati-es-diszito-vakolat-m330-25-kg","status":"publish","type":"product","link":"https:\/\/www.bau-styl.hu\/epitoanyag\/termek\/baumit-mosaiktop-labazati-es-diszito-vakolat-m330-25-kg\/","title":{"rendered":"Baumit MosaikTop L\u00e1bazati \u00e9s d\u00edsz\u00edt\u0151 vakolat M330, 25 kg"},"content":{"rendered":"","protected":false},"excerpt":{"rendered":"<p>A MosaikTop vakolat az \u00e9p\u00fcletek d\u00edsz\u00edt\u00e9s\u00e9nek, l\u00e1bazati kialak\u00edt\u00e1s\u00e1nak v\u00e9gs\u0151 fel\u00fcletk\u00e9pz\u0151 r\u00e9tege. Felhordhat\u00f3 mindenf\u00e9le alapvakolatra, Kevert sz\u00edn\u0171, m\u0171gyanta k\u00f6t\u0151anyag\u00fa szemcs\u00e9s v\u00e9konyvakolat k\u00fcls\u0151 \u00e9s bels\u0151 felhaszn\u00e1l\u00e1sra. 2 mm-es szemcsem\u00e9ret. Moshat\u00f3, v\u00edztasz\u00edt\u00f3, magas mechanikai szil\u00e1rds\u00e1g.<\/p>\n","protected":false},"featured_media":1972,"template":"","meta":[],"product_brand":[],"product_cat":[332,6645],"product_tag":[6581],"class_list":{"0":"post-5701","1":"product","2":"type-product","3":"status-publish","4":"has-post-thumbnail","6":"product_cat-szinezes","7":"product_cat-labazati-vakolat","8":"product_tag-baumit","10":"first","11":"instock","12":"taxable","13":"shipping-taxable","14":"purchasable","15":"product-type-simple"},"aioseo_notices":[],"_links":{"self":[{"href":"https:\/\/www.bau-styl.hu\/epitoanyag\/wp-json\/wp\/v2\/product\/5701","targetHints":{"allow":["GET"]}}],"collection":[{"href":"https:\/\/www.bau-styl.hu\/epitoanyag\/wp-json\/wp\/v2\/product"}],"about":[{"href":"https:\/\/www.bau-styl.hu\/epitoanyag\/wp-json\/wp\/v2\/types\/product"}],"wp:featuredmedia":[{"embeddable":true,"href":"https:\/\/www.bau-styl.hu\/epitoanyag\/wp-json\/wp\/v2\/media\/1972"}],"wp:attachment":[{"href":"https:\/\/www.bau-styl.hu\/epitoanyag\/wp-json\/wp\/v2\/media?parent=5701"}],"wp:term":[{"taxonomy":"product_brand","embeddable":true,"href":"https:\/\/www.bau-styl.hu\/epitoanyag\/wp-json\/wp\/v2\/product_brand?post=5701"},{"taxonomy":"product_cat","embeddable":true,"href":"https:\/\/www.bau-styl.hu\/epitoanyag\/wp-json\/wp\/v2\/product_cat?post=5701"},{"taxonomy":"product_tag","embeddable":true,"href":"https:\/\/www.bau-styl.hu\/epitoanyag\/wp-json\/wp\/v2\/product_tag?post=5701"}],"curies":[{"name":"wp","href":"https:\/\/api.w.org\/{rel}","templated":true}]}}