{"id":5713,"date":"2019-10-25T08:31:07","date_gmt":"2019-10-25T08:31:07","guid":{"rendered":"https:\/\/www.bau-styl.hu\/epitoanyag\/termek\/bb-lmx-dubel-fem-beutoszoggel-feher-10x220-mm\/"},"modified":"2025-06-23T22:49:58","modified_gmt":"2025-06-23T20:49:58","slug":"wkret-met-muanyag-dubel-fem-beutoszeggel-lmx-10x220-mm","status":"publish","type":"product","link":"https:\/\/www.bau-styl.hu\/epitoanyag\/termek\/wkret-met-muanyag-dubel-fem-beutoszeggel-lmx-10x220-mm\/","title":{"rendered":"Wkret-met M\u0171anyag d\u0171bel f\u00e9m be\u00fct\u0151szeggel LMX 10 x 220 mm"},"content":{"rendered":"","protected":false},"excerpt":{"rendered":"<p>\u00c1sv\u00e1nygyapot, valamint polisztirol lapok r\u00f6gz\u00edt\u00e9s\u00e9re is alkalmas.<\/p>\n","protected":false},"featured_media":1412,"template":"","meta":[],"product_brand":[],"product_cat":[301,309],"product_tag":[],"class_list":{"0":"post-5713","1":"product","2":"type-product","3":"status-publish","4":"has-post-thumbnail","6":"product_cat-ho-es-hangszigeteles","7":"product_cat-rendszer-tartozek","9":"first","10":"instock","11":"taxable","12":"shipping-taxable","13":"purchasable","14":"product-type-simple"},"aioseo_notices":[],"_links":{"self":[{"href":"https:\/\/www.bau-styl.hu\/epitoanyag\/wp-json\/wp\/v2\/product\/5713","targetHints":{"allow":["GET"]}}],"collection":[{"href":"https:\/\/www.bau-styl.hu\/epitoanyag\/wp-json\/wp\/v2\/product"}],"about":[{"href":"https:\/\/www.bau-styl.hu\/epitoanyag\/wp-json\/wp\/v2\/types\/product"}],"wp:featuredmedia":[{"embeddable":true,"href":"https:\/\/www.bau-styl.hu\/epitoanyag\/wp-json\/wp\/v2\/media\/1412"}],"wp:attachment":[{"href":"https:\/\/www.bau-styl.hu\/epitoanyag\/wp-json\/wp\/v2\/media?parent=5713"}],"wp:term":[{"taxonomy":"product_brand","embeddable":true,"href":"https:\/\/www.bau-styl.hu\/epitoanyag\/wp-json\/wp\/v2\/product_brand?post=5713"},{"taxonomy":"product_cat","embeddable":true,"href":"https:\/\/www.bau-styl.hu\/epitoanyag\/wp-json\/wp\/v2\/product_cat?post=5713"},{"taxonomy":"product_tag","embeddable":true,"href":"https:\/\/www.bau-styl.hu\/epitoanyag\/wp-json\/wp\/v2\/product_tag?post=5713"}],"curies":[{"name":"wp","href":"https:\/\/api.w.org\/{rel}","templated":true}]}}