{"id":5719,"date":"2019-10-25T08:31:09","date_gmt":"2019-10-25T08:31:09","guid":{"rendered":"https:\/\/www.bau-styl.hu\/epitoanyag\/termek\/bb-ltx-dubel-muanyag-beutoszoggel-feher-10x180-mm\/"},"modified":"2025-06-23T23:04:58","modified_gmt":"2025-06-23T21:04:58","slug":"wkret-met-muanyag-dubel-muanyag-beutoszoggel-ltx-10x180-mm","status":"publish","type":"product","link":"https:\/\/www.bau-styl.hu\/epitoanyag\/termek\/wkret-met-muanyag-dubel-muanyag-beutoszoggel-ltx-10x180-mm\/","title":{"rendered":"Wkret-met M\u0171anyag d\u0171bel m\u0171anyag be\u00fct\u0151sz\u00f6ggel LTX 10&#215;180 mm"},"content":{"rendered":"","protected":false},"excerpt":{"rendered":"<p>Mechanikusan r\u00f6gz\u00edthet\u0151ek vele a h\u0151szigetel\u0151 lapok.<\/p>\n","protected":false},"featured_media":31349,"template":"","meta":[],"product_brand":[],"product_cat":[301,309],"product_tag":[],"class_list":{"0":"post-5719","1":"product","2":"type-product","3":"status-publish","4":"has-post-thumbnail","6":"product_cat-ho-es-hangszigeteles","7":"product_cat-rendszer-tartozek","9":"first","10":"instock","11":"taxable","12":"shipping-taxable","13":"purchasable","14":"product-type-simple"},"aioseo_notices":[],"_links":{"self":[{"href":"https:\/\/www.bau-styl.hu\/epitoanyag\/wp-json\/wp\/v2\/product\/5719","targetHints":{"allow":["GET"]}}],"collection":[{"href":"https:\/\/www.bau-styl.hu\/epitoanyag\/wp-json\/wp\/v2\/product"}],"about":[{"href":"https:\/\/www.bau-styl.hu\/epitoanyag\/wp-json\/wp\/v2\/types\/product"}],"wp:featuredmedia":[{"embeddable":true,"href":"https:\/\/www.bau-styl.hu\/epitoanyag\/wp-json\/wp\/v2\/media\/31349"}],"wp:attachment":[{"href":"https:\/\/www.bau-styl.hu\/epitoanyag\/wp-json\/wp\/v2\/media?parent=5719"}],"wp:term":[{"taxonomy":"product_brand","embeddable":true,"href":"https:\/\/www.bau-styl.hu\/epitoanyag\/wp-json\/wp\/v2\/product_brand?post=5719"},{"taxonomy":"product_cat","embeddable":true,"href":"https:\/\/www.bau-styl.hu\/epitoanyag\/wp-json\/wp\/v2\/product_cat?post=5719"},{"taxonomy":"product_tag","embeddable":true,"href":"https:\/\/www.bau-styl.hu\/epitoanyag\/wp-json\/wp\/v2\/product_tag?post=5719"}],"curies":[{"name":"wp","href":"https:\/\/api.w.org\/{rel}","templated":true}]}}