{"id":5761,"date":"2019-10-25T08:35:41","date_gmt":"2019-10-25T08:35:41","guid":{"rendered":"https:\/\/www.bau-styl.hu\/epitoanyag\/termek\/colorferr-bp-hacl-konyok-100-72\/"},"modified":"2026-04-20T18:21:25","modified_gmt":"2026-04-20T16:21:25","slug":"colorferr-bp-hacl-konyok-100-72","status":"publish","type":"product","link":"https:\/\/www.bau-styl.hu\/epitoanyag\/termek\/colorferr-bp-hacl-konyok-100-72\/","title":{"rendered":"Colorferr Bp Hacl k\u00f6ny\u00f6k 100\/72\u00b0"},"content":{"rendered":"","protected":false},"excerpt":{"rendered":"<p>Akkor van sz\u00fcks\u00e9g r\u00e1, ha a v\u00edzszintes ereszcsatorna t\u00e1volabb van a h\u00e1z fal\u00e1t\u00f3l \u00e9s nem lehet k\u00f6zvetlen\u00fcl \u00f6sszek\u00f6tni a f\u00fcgg\u0151leges csatorn\u00e1val. 72o\u00a0-os sz\u00f6gben lehet kapni, \u00e9s k\u00e9t darabra van sz\u00fcks\u00e9g a csatlakoz\u00e1shoz.<\/p>\n","protected":false},"featured_media":31382,"template":"","meta":[],"product_brand":[11320],"product_cat":[11366,355],"product_tag":[],"class_list":{"0":"post-5761","1":"product","2":"type-product","3":"status-publish","4":"has-post-thumbnail","6":"product_brand-zambelli","7":"product_cat-ereszcsatorna","8":"product_cat-tetofedes","10":"first","11":"instock","12":"taxable","13":"shipping-taxable","14":"purchasable","15":"product-type-simple"},"aioseo_notices":[],"_links":{"self":[{"href":"https:\/\/www.bau-styl.hu\/epitoanyag\/wp-json\/wp\/v2\/product\/5761","targetHints":{"allow":["GET"]}}],"collection":[{"href":"https:\/\/www.bau-styl.hu\/epitoanyag\/wp-json\/wp\/v2\/product"}],"about":[{"href":"https:\/\/www.bau-styl.hu\/epitoanyag\/wp-json\/wp\/v2\/types\/product"}],"wp:featuredmedia":[{"embeddable":true,"href":"https:\/\/www.bau-styl.hu\/epitoanyag\/wp-json\/wp\/v2\/media\/31382"}],"wp:attachment":[{"href":"https:\/\/www.bau-styl.hu\/epitoanyag\/wp-json\/wp\/v2\/media?parent=5761"}],"wp:term":[{"taxonomy":"product_brand","embeddable":true,"href":"https:\/\/www.bau-styl.hu\/epitoanyag\/wp-json\/wp\/v2\/product_brand?post=5761"},{"taxonomy":"product_cat","embeddable":true,"href":"https:\/\/www.bau-styl.hu\/epitoanyag\/wp-json\/wp\/v2\/product_cat?post=5761"},{"taxonomy":"product_tag","embeddable":true,"href":"https:\/\/www.bau-styl.hu\/epitoanyag\/wp-json\/wp\/v2\/product_tag?post=5761"}],"curies":[{"name":"wp","href":"https:\/\/api.w.org\/{rel}","templated":true}]}}