{"id":5779,"date":"2019-10-25T08:35:48","date_gmt":"2019-10-25T06:35:48","guid":{"rendered":"https:\/\/www.bau-styl.hu\/epitoanyag\/termek\/colorferr-bp-hacl-tetokibuvo-kombinalt\/"},"modified":"2026-03-23T15:30:57","modified_gmt":"2026-03-23T13:30:57","slug":"colorferr-bp-hacl-tetokibuvo-kombinalt","status":"publish","type":"product","link":"https:\/\/www.bau-styl.hu\/epitoanyag\/termek\/colorferr-bp-hacl-tetokibuvo-kombinalt\/","title":{"rendered":"Colorferr Bp Hacl tet\u0151kib\u00fav\u00f3 kombin\u00e1lt"},"content":{"rendered":"","protected":false},"excerpt":{"rendered":"<p>A Tet\u0151kib\u00fav\u00f3 ablak els\u0151sorban a tet\u0151re val\u00f3 egyszer\u0171 kijut\u00e1st teszi lehet\u0151v\u00e9. Ezenk\u00edv\u00fcl biztos\u00edtja a f\u00e9ny be\u00e1raml\u00e1s\u00e1t a tet\u0151t\u00e9rbe, illetve szell\u0151ztet\u0151 szerepe is lehet. C\u00e9lszer\u0171 a kib\u00fav\u00f3t a k\u00e9m\u00e9ny k\u00f6zel\u00e9ben elhelyezni, hogy tiszt\u00edt\u00e1sakor egyszer\u0171en meg lehessen k\u00f6zel\u00edteni. Mindenk\u00e9ppen az \u00e1csszerkezethez r\u00f6gz\u00edts\u00fck. Az ablak k\u00f6r\u00fcl a v\u00edzz\u00e1r\u00e1st gondosan kell elk\u00e9sz\u00edteni.<\/p>\n","protected":false},"featured_media":12082,"template":"","meta":[],"product_brand":[],"product_cat":[355,6778,6801,61,6617,185,6637],"product_tag":[6610],"class_list":{"0":"post-5779","1":"product","2":"type-product","3":"status-publish","4":"has-post-thumbnail","6":"product_cat-tetofedes","7":"product_cat-ereszcsatorna-es-badogos-termek-tetofedes","8":"product_cat-zambelli-csatorna-es-badogos-termek-ereszcsatorna-es-badogos-termek-tetofedes","9":"product_cat-ereszcsatorna-es-badogos-termek","10":"product_cat-zambelli-csatorna-es-badogos-termek","11":"product_cat-nyilaszarok","12":"product_cat-tetokibuvo","13":"product_tag-colorferr","15":"first","16":"instock","17":"taxable","18":"shipping-taxable","19":"purchasable","20":"product-type-simple"},"aioseo_notices":[],"_links":{"self":[{"href":"https:\/\/www.bau-styl.hu\/epitoanyag\/wp-json\/wp\/v2\/product\/5779","targetHints":{"allow":["GET"]}}],"collection":[{"href":"https:\/\/www.bau-styl.hu\/epitoanyag\/wp-json\/wp\/v2\/product"}],"about":[{"href":"https:\/\/www.bau-styl.hu\/epitoanyag\/wp-json\/wp\/v2\/types\/product"}],"wp:featuredmedia":[{"embeddable":true,"href":"https:\/\/www.bau-styl.hu\/epitoanyag\/wp-json\/wp\/v2\/media\/12082"}],"wp:attachment":[{"href":"https:\/\/www.bau-styl.hu\/epitoanyag\/wp-json\/wp\/v2\/media?parent=5779"}],"wp:term":[{"taxonomy":"product_brand","embeddable":true,"href":"https:\/\/www.bau-styl.hu\/epitoanyag\/wp-json\/wp\/v2\/product_brand?post=5779"},{"taxonomy":"product_cat","embeddable":true,"href":"https:\/\/www.bau-styl.hu\/epitoanyag\/wp-json\/wp\/v2\/product_cat?post=5779"},{"taxonomy":"product_tag","embeddable":true,"href":"https:\/\/www.bau-styl.hu\/epitoanyag\/wp-json\/wp\/v2\/product_tag?post=5779"}],"curies":[{"name":"wp","href":"https:\/\/api.w.org\/{rel}","templated":true}]}}