{"id":6168,"date":"2019-10-25T11:12:59","date_gmt":"2019-10-25T11:12:59","guid":{"rendered":"https:\/\/www.bau-styl.hu\/epitoanyag\/termek\/xella-ytong-classic-nfgt-falazoelem-600x200x300-mm-40-db-rkl\/"},"modified":"2026-04-07T08:15:25","modified_gmt":"2026-04-07T06:15:25","slug":"xella-ytong-classic-nfgt-falazoelem-600x200x300-mm-40-db-rkl","status":"publish","type":"product","link":"https:\/\/www.bau-styl.hu\/epitoanyag\/termek\/xella-ytong-classic-nfgt-falazoelem-600x200x300-mm-40-db-rkl\/","title":{"rendered":"Xella Ytong Classic NF+GT Falaz\u00f3elem 600x200x300 mm (40 db\/rkl)"},"content":{"rendered":"","protected":false},"excerpt":{"rendered":"<p>Az Ytong Classic p\u00f3rusbeton k\u00e9zi falaz\u00f3elemek, amelyek k\u00f6z\u00f6ss\u00e9gi, ipari \u00e9p\u00fcletek homlokzati \u00e9s bels\u0151 teherhord\u00f3 falainak, valamint v\u00e1zkit\u00f6lt\u0151 falainak \u00e9p\u00edt\u00e9s\u00e9re alkalmasak.<\/p>\n","protected":false},"featured_media":31484,"template":"","meta":[],"product_brand":[],"product_cat":[78,99,2924],"product_tag":[6585],"class_list":{"0":"post-6168","1":"product","2":"type-product","3":"status-publish","4":"has-post-thumbnail","6":"product_cat-falazat","7":"product_cat-porusbeton-falazat","8":"product_cat-ytong-falazo-elem","9":"product_tag-xella","11":"first","12":"instock","13":"taxable","14":"shipping-taxable","15":"purchasable","16":"product-type-simple"},"aioseo_notices":[],"_links":{"self":[{"href":"https:\/\/www.bau-styl.hu\/epitoanyag\/wp-json\/wp\/v2\/product\/6168","targetHints":{"allow":["GET"]}}],"collection":[{"href":"https:\/\/www.bau-styl.hu\/epitoanyag\/wp-json\/wp\/v2\/product"}],"about":[{"href":"https:\/\/www.bau-styl.hu\/epitoanyag\/wp-json\/wp\/v2\/types\/product"}],"wp:featuredmedia":[{"embeddable":true,"href":"https:\/\/www.bau-styl.hu\/epitoanyag\/wp-json\/wp\/v2\/media\/31484"}],"wp:attachment":[{"href":"https:\/\/www.bau-styl.hu\/epitoanyag\/wp-json\/wp\/v2\/media?parent=6168"}],"wp:term":[{"taxonomy":"product_brand","embeddable":true,"href":"https:\/\/www.bau-styl.hu\/epitoanyag\/wp-json\/wp\/v2\/product_brand?post=6168"},{"taxonomy":"product_cat","embeddable":true,"href":"https:\/\/www.bau-styl.hu\/epitoanyag\/wp-json\/wp\/v2\/product_cat?post=6168"},{"taxonomy":"product_tag","embeddable":true,"href":"https:\/\/www.bau-styl.hu\/epitoanyag\/wp-json\/wp\/v2\/product_tag?post=6168"}],"curies":[{"name":"wp","href":"https:\/\/api.w.org\/{rel}","templated":true}]}}