{"id":6178,"date":"2019-10-25T11:13:07","date_gmt":"2019-10-25T11:13:07","guid":{"rendered":"https:\/\/www.bau-styl.hu\/epitoanyag\/termek\/xella-ytong-start-falazoelem-600x200x250-mm-48-db-rkl\/"},"modified":"2026-04-07T08:15:22","modified_gmt":"2026-04-07T06:15:22","slug":"xella-ytong-start-falazoelem-600x200x250-mm-48-db-rkl","status":"publish","type":"product","link":"https:\/\/www.bau-styl.hu\/epitoanyag\/termek\/xella-ytong-start-falazoelem-600x200x250-mm-48-db-rkl\/","title":{"rendered":"Xella Ytong Start Falaz\u00f3elem 600x200x250 mm (48 db\/rkl)"},"content":{"rendered":"","protected":false},"excerpt":{"rendered":"<p>Az Ytong Starttal cs\u00f6kkenthet\u0151 az alaptestek, l\u00e1bazati falak homlokzati falakra gyakorolt h\u0151h\u00edd hat\u00e1sa..<\/p>\n","protected":false},"featured_media":34937,"template":"","meta":[],"product_brand":[],"product_cat":[78,99,2924],"product_tag":[6585,8548],"class_list":{"0":"post-6178","1":"product","2":"type-product","3":"status-publish","4":"has-post-thumbnail","6":"product_cat-falazat","7":"product_cat-porusbeton-falazat","8":"product_cat-ytong-falazo-elem","9":"product_tag-xella","10":"product_tag-zoldhitel","12":"first","13":"instock","14":"taxable","15":"shipping-taxable","16":"purchasable","17":"product-type-simple"},"aioseo_notices":[],"_links":{"self":[{"href":"https:\/\/www.bau-styl.hu\/epitoanyag\/wp-json\/wp\/v2\/product\/6178","targetHints":{"allow":["GET"]}}],"collection":[{"href":"https:\/\/www.bau-styl.hu\/epitoanyag\/wp-json\/wp\/v2\/product"}],"about":[{"href":"https:\/\/www.bau-styl.hu\/epitoanyag\/wp-json\/wp\/v2\/types\/product"}],"wp:featuredmedia":[{"embeddable":true,"href":"https:\/\/www.bau-styl.hu\/epitoanyag\/wp-json\/wp\/v2\/media\/34937"}],"wp:attachment":[{"href":"https:\/\/www.bau-styl.hu\/epitoanyag\/wp-json\/wp\/v2\/media?parent=6178"}],"wp:term":[{"taxonomy":"product_brand","embeddable":true,"href":"https:\/\/www.bau-styl.hu\/epitoanyag\/wp-json\/wp\/v2\/product_brand?post=6178"},{"taxonomy":"product_cat","embeddable":true,"href":"https:\/\/www.bau-styl.hu\/epitoanyag\/wp-json\/wp\/v2\/product_cat?post=6178"},{"taxonomy":"product_tag","embeddable":true,"href":"https:\/\/www.bau-styl.hu\/epitoanyag\/wp-json\/wp\/v2\/product_tag?post=6178"}],"curies":[{"name":"wp","href":"https:\/\/api.w.org\/{rel}","templated":true}]}}