{"id":6226,"date":"2019-10-25T11:13:41","date_gmt":"2019-10-25T11:13:41","guid":{"rendered":"https:\/\/www.bau-styl.hu\/epitoanyag\/termek\/xella-ytong-nf-valaszfalelem-600x200x100-mm-120-db-rkl\/"},"modified":"2026-04-07T08:15:26","modified_gmt":"2026-04-07T06:15:26","slug":"xella-ytong-nf-valaszfalelem-600x200x100-mm-120-db-rkl","status":"publish","type":"product","link":"https:\/\/www.bau-styl.hu\/epitoanyag\/termek\/xella-ytong-nf-valaszfalelem-600x200x100-mm-120-db-rkl\/","title":{"rendered":"Xella Ytong N+F V\u00e1laszfalelem 600x200x100 mm (120 db\/rkl)"},"content":{"rendered":"","protected":false},"excerpt":{"rendered":"<p>A p\u00f3rusbeton v\u00e1laszfal t\u00e9gl\u00e1k alkalmasak lak\u00f3-, k\u00f6z\u00f6ss\u00e9gi, ipari \u00e9p\u00fcletek bels\u0151 t\u00e9relv\u00e1laszt\u00f3 falainak. K\u00f6nnyen megmunk\u00e1lhat\u00f3s\u00e1ga r\u00e9v\u00e9n a folyamatok meggyors\u00edthat\u00f3k.<\/p>\n","protected":false},"featured_media":31485,"template":"","meta":[],"product_brand":[],"product_cat":[78,99,2924],"product_tag":[6585],"class_list":{"0":"post-6226","1":"product","2":"type-product","3":"status-publish","4":"has-post-thumbnail","6":"product_cat-falazat","7":"product_cat-porusbeton-falazat","8":"product_cat-ytong-falazo-elem","9":"product_tag-xella","11":"first","12":"instock","13":"taxable","14":"shipping-taxable","15":"purchasable","16":"product-type-simple"},"aioseo_notices":[],"_links":{"self":[{"href":"https:\/\/www.bau-styl.hu\/epitoanyag\/wp-json\/wp\/v2\/product\/6226","targetHints":{"allow":["GET"]}}],"collection":[{"href":"https:\/\/www.bau-styl.hu\/epitoanyag\/wp-json\/wp\/v2\/product"}],"about":[{"href":"https:\/\/www.bau-styl.hu\/epitoanyag\/wp-json\/wp\/v2\/types\/product"}],"wp:featuredmedia":[{"embeddable":true,"href":"https:\/\/www.bau-styl.hu\/epitoanyag\/wp-json\/wp\/v2\/media\/31485"}],"wp:attachment":[{"href":"https:\/\/www.bau-styl.hu\/epitoanyag\/wp-json\/wp\/v2\/media?parent=6226"}],"wp:term":[{"taxonomy":"product_brand","embeddable":true,"href":"https:\/\/www.bau-styl.hu\/epitoanyag\/wp-json\/wp\/v2\/product_brand?post=6226"},{"taxonomy":"product_cat","embeddable":true,"href":"https:\/\/www.bau-styl.hu\/epitoanyag\/wp-json\/wp\/v2\/product_cat?post=6226"},{"taxonomy":"product_tag","embeddable":true,"href":"https:\/\/www.bau-styl.hu\/epitoanyag\/wp-json\/wp\/v2\/product_tag?post=6226"}],"curies":[{"name":"wp","href":"https:\/\/api.w.org\/{rel}","templated":true}]}}