{"id":6358,"date":"2019-10-25T12:35:41","date_gmt":"2019-10-25T12:35:41","guid":{"rendered":"https:\/\/www.bau-styl.hu\/epitoanyag\/termek\/mapei-keracolor-ff-flex-fugazo-6-mm-ig-103-holdfeher-2-kg\/"},"modified":"2026-04-12T13:13:02","modified_gmt":"2026-04-12T11:13:02","slug":"mapei-keracolor-ff-flex-fugazo-6-mm-ig-103-holdfeher-2-kg","status":"publish","type":"product","link":"https:\/\/www.bau-styl.hu\/epitoanyag\/termek\/mapei-keracolor-ff-flex-fugazo-6-mm-ig-103-holdfeher-2-kg\/","title":{"rendered":"Mapei Keracolor FF Flex Fug\u00e1z\u00f3 6 mm-ig 103 holdfeh\u00e9r 2 kg"},"content":{"rendered":"","protected":false},"excerpt":{"rendered":"<p>Fokozott terhelhet\u0151s\u00e9g\u0171, v\u00edzleperget\u0151 hat\u00e1s\u00fa, cementk\u00f6t\u00e9s\u0171 fug\u00e1z\u00f3habarcs. Bedolgoz\u00e1si id\u0151: kb. 2 \u00f3ra. J\u00e1rhat\u00f3: kb. 24 \u00f3ra m\u00falva.<\/p>\n","protected":false},"featured_media":2221,"template":"","meta":[],"product_brand":[],"product_cat":[129,130],"product_tag":[6593],"class_list":{"0":"post-6358","1":"product","2":"type-product","3":"status-publish","4":"has-post-thumbnail","6":"product_cat-hidegburkolas","7":"product_cat-fugazo-es-szilikon","8":"product_tag-mapei","10":"first","11":"instock","12":"taxable","13":"shipping-taxable","14":"purchasable","15":"product-type-simple"},"aioseo_notices":[],"_links":{"self":[{"href":"https:\/\/www.bau-styl.hu\/epitoanyag\/wp-json\/wp\/v2\/product\/6358","targetHints":{"allow":["GET"]}}],"collection":[{"href":"https:\/\/www.bau-styl.hu\/epitoanyag\/wp-json\/wp\/v2\/product"}],"about":[{"href":"https:\/\/www.bau-styl.hu\/epitoanyag\/wp-json\/wp\/v2\/types\/product"}],"wp:featuredmedia":[{"embeddable":true,"href":"https:\/\/www.bau-styl.hu\/epitoanyag\/wp-json\/wp\/v2\/media\/2221"}],"wp:attachment":[{"href":"https:\/\/www.bau-styl.hu\/epitoanyag\/wp-json\/wp\/v2\/media?parent=6358"}],"wp:term":[{"taxonomy":"product_brand","embeddable":true,"href":"https:\/\/www.bau-styl.hu\/epitoanyag\/wp-json\/wp\/v2\/product_brand?post=6358"},{"taxonomy":"product_cat","embeddable":true,"href":"https:\/\/www.bau-styl.hu\/epitoanyag\/wp-json\/wp\/v2\/product_cat?post=6358"},{"taxonomy":"product_tag","embeddable":true,"href":"https:\/\/www.bau-styl.hu\/epitoanyag\/wp-json\/wp\/v2\/product_tag?post=6358"}],"curies":[{"name":"wp","href":"https:\/\/api.w.org\/{rel}","templated":true}]}}