{"id":6494,"date":"2019-10-25T14:38:55","date_gmt":"2019-10-25T12:38:55","guid":{"rendered":"https:\/\/www.bau-styl.hu\/epitoanyag\/termek\/bramac-standard-hofogo-acel-teglavoros\/"},"modified":"2026-04-20T21:09:20","modified_gmt":"2026-04-20T19:09:20","slug":"bramac-standard-hofogo-acel-teglavoros","status":"publish","type":"product","link":"https:\/\/www.bau-styl.hu\/epitoanyag\/termek\/bramac-standard-hofogo-acel-teglavoros\/","title":{"rendered":"Bramac Standard H\u00f3fog\u00f3 ac\u00e9l t\u00e9glav\u00f6r\u00f6s"},"content":{"rendered":"","protected":false},"excerpt":{"rendered":"<p>A f\u00e9m h\u00f3fog\u00f3 elem a h\u00f3 megcs\u00fasz\u00e1s\u00e1nak megel\u0151z\u00e9s\u00e9re szolg\u00e1l. Els\u0151sorban az ereszhez k\u00f6zeli cser\u00e9psorokn\u00e1l c\u00e9lszer\u0171 be\u00e9p\u00edteni, hat\u00e1sos megfog\u00e1st nagyobb fel\u00fcleten, s\u0171r\u0171 elhelyez\u00e9ssel eredm\u00e9nyez.<\/p>\n","protected":false},"featured_media":34937,"template":"","meta":[],"product_brand":[11270],"product_cat":[11362,355],"product_tag":[],"class_list":{"0":"post-6494","1":"product","2":"type-product","3":"status-publish","4":"has-post-thumbnail","6":"product_brand-bramac","7":"product_cat-fem-es-muanyag-kiegeszito","8":"product_cat-tetofedes","10":"first","11":"instock","12":"taxable","13":"shipping-taxable","14":"purchasable","15":"product-type-simple"},"aioseo_notices":[],"_links":{"self":[{"href":"https:\/\/www.bau-styl.hu\/epitoanyag\/wp-json\/wp\/v2\/product\/6494","targetHints":{"allow":["GET"]}}],"collection":[{"href":"https:\/\/www.bau-styl.hu\/epitoanyag\/wp-json\/wp\/v2\/product"}],"about":[{"href":"https:\/\/www.bau-styl.hu\/epitoanyag\/wp-json\/wp\/v2\/types\/product"}],"wp:featuredmedia":[{"embeddable":true,"href":"https:\/\/www.bau-styl.hu\/epitoanyag\/wp-json\/wp\/v2\/media\/34937"}],"wp:attachment":[{"href":"https:\/\/www.bau-styl.hu\/epitoanyag\/wp-json\/wp\/v2\/media?parent=6494"}],"wp:term":[{"taxonomy":"product_brand","embeddable":true,"href":"https:\/\/www.bau-styl.hu\/epitoanyag\/wp-json\/wp\/v2\/product_brand?post=6494"},{"taxonomy":"product_cat","embeddable":true,"href":"https:\/\/www.bau-styl.hu\/epitoanyag\/wp-json\/wp\/v2\/product_cat?post=6494"},{"taxonomy":"product_tag","embeddable":true,"href":"https:\/\/www.bau-styl.hu\/epitoanyag\/wp-json\/wp\/v2\/product_tag?post=6494"}],"curies":[{"name":"wp","href":"https:\/\/api.w.org\/{rel}","templated":true}]}}