{"id":6496,"date":"2019-10-25T14:38:56","date_gmt":"2019-10-25T14:38:56","guid":{"rendered":"https:\/\/www.bau-styl.hu\/epitoanyag\/termek\/bramac-standard-lezarofesu-teglavoros-1-m\/"},"modified":"2026-04-20T21:09:20","modified_gmt":"2026-04-20T19:09:20","slug":"bramac-standard-lezarofesu-voros-1-m","status":"publish","type":"product","link":"https:\/\/www.bau-styl.hu\/epitoanyag\/termek\/bramac-standard-lezarofesu-voros-1-m\/","title":{"rendered":"Bramac Standard Lez\u00e1r\u00f3f\u00e9s\u0171 v\u00f6r\u00f6s 1 m"},"content":{"rendered":"","protected":false},"excerpt":{"rendered":"<p>A lez\u00e1r\u00f3f\u00e9s\u0171t az eresz vonal\u00e1ba kell be\u00e9p\u00edteni, amennyiben a f\u00e9s\u0171s ereszszell\u0151z\u0151 elem helyett kett\u0151z\u00f6tt tet\u0151l\u00e9cre fekszik fel a legals\u00f3 cser\u00e9p. A f\u00e9s\u0171k k\u00f6vetik a cser\u00e9p als\u00f3 fel\u00fclet\u00e9nek vonal\u00e1t, beengedik az \u00e1tszell\u0151z\u0151 leveg\u0151t, a madarak, nagyobb bogarak azonban nem tudnak bejutni a fed\u00e9s al\u00e1.<\/p>\n","protected":false},"featured_media":2097,"template":"","meta":[],"product_brand":[11270],"product_cat":[11362,355],"product_tag":[],"class_list":{"0":"post-6496","1":"product","2":"type-product","3":"status-publish","4":"has-post-thumbnail","6":"product_brand-bramac","7":"product_cat-fem-es-muanyag-kiegeszito","8":"product_cat-tetofedes","10":"first","11":"instock","12":"taxable","13":"shipping-taxable","14":"purchasable","15":"product-type-simple"},"aioseo_notices":[],"_links":{"self":[{"href":"https:\/\/www.bau-styl.hu\/epitoanyag\/wp-json\/wp\/v2\/product\/6496","targetHints":{"allow":["GET"]}}],"collection":[{"href":"https:\/\/www.bau-styl.hu\/epitoanyag\/wp-json\/wp\/v2\/product"}],"about":[{"href":"https:\/\/www.bau-styl.hu\/epitoanyag\/wp-json\/wp\/v2\/types\/product"}],"wp:featuredmedia":[{"embeddable":true,"href":"https:\/\/www.bau-styl.hu\/epitoanyag\/wp-json\/wp\/v2\/media\/2097"}],"wp:attachment":[{"href":"https:\/\/www.bau-styl.hu\/epitoanyag\/wp-json\/wp\/v2\/media?parent=6496"}],"wp:term":[{"taxonomy":"product_brand","embeddable":true,"href":"https:\/\/www.bau-styl.hu\/epitoanyag\/wp-json\/wp\/v2\/product_brand?post=6496"},{"taxonomy":"product_cat","embeddable":true,"href":"https:\/\/www.bau-styl.hu\/epitoanyag\/wp-json\/wp\/v2\/product_cat?post=6496"},{"taxonomy":"product_tag","embeddable":true,"href":"https:\/\/www.bau-styl.hu\/epitoanyag\/wp-json\/wp\/v2\/product_tag?post=6496"}],"curies":[{"name":"wp","href":"https:\/\/api.w.org\/{rel}","templated":true}]}}