{"id":6497,"date":"2019-10-25T14:38:57","date_gmt":"2019-10-25T14:38:57","guid":{"rendered":"https:\/\/www.bau-styl.hu\/epitoanyag\/termek\/bramac-standard-szellozoszalag-fekete-8-cm-x-5-m\/"},"modified":"2026-04-20T21:09:20","modified_gmt":"2026-04-20T19:09:20","slug":"bramac-standard-szellozoszalag-antracit-8-cm-x-5-m","status":"publish","type":"product","link":"https:\/\/www.bau-styl.hu\/epitoanyag\/termek\/bramac-standard-szellozoszalag-antracit-8-cm-x-5-m\/","title":{"rendered":"Bramac Standard Szell\u0151z\u0151szalag antracit 8 cm x 5 m"},"content":{"rendered":"","protected":false},"excerpt":{"rendered":"<p>A szell\u0151z\u0151szalagot az eresz vonal\u00e1ba szok\u00e1s be\u00e9p\u00edteni, az \u00e1tszell\u0151z\u0151 leveg\u0151 bevezet\u00e9s\u00e9re. Az elem a leveg\u0151t beengedi, a madarak, nagyobb bogarak azonban nem tudnak bejutni a fed\u00e9s al\u00e1. Hull\u00e1mos cserepekn\u00e9l a lez\u00e1r\u00f3f\u00e9s\u0171vel egy\u00fctt alkalmazzuk<\/p>\n","protected":false},"featured_media":2099,"template":"","meta":[],"product_brand":[11270],"product_cat":[11362,355],"product_tag":[],"class_list":{"0":"post-6497","1":"product","2":"type-product","3":"status-publish","4":"has-post-thumbnail","6":"product_brand-bramac","7":"product_cat-fem-es-muanyag-kiegeszito","8":"product_cat-tetofedes","10":"first","11":"instock","12":"taxable","13":"shipping-taxable","14":"purchasable","15":"product-type-simple"},"aioseo_notices":[],"_links":{"self":[{"href":"https:\/\/www.bau-styl.hu\/epitoanyag\/wp-json\/wp\/v2\/product\/6497","targetHints":{"allow":["GET"]}}],"collection":[{"href":"https:\/\/www.bau-styl.hu\/epitoanyag\/wp-json\/wp\/v2\/product"}],"about":[{"href":"https:\/\/www.bau-styl.hu\/epitoanyag\/wp-json\/wp\/v2\/types\/product"}],"wp:featuredmedia":[{"embeddable":true,"href":"https:\/\/www.bau-styl.hu\/epitoanyag\/wp-json\/wp\/v2\/media\/2099"}],"wp:attachment":[{"href":"https:\/\/www.bau-styl.hu\/epitoanyag\/wp-json\/wp\/v2\/media?parent=6497"}],"wp:term":[{"taxonomy":"product_brand","embeddable":true,"href":"https:\/\/www.bau-styl.hu\/epitoanyag\/wp-json\/wp\/v2\/product_brand?post=6497"},{"taxonomy":"product_cat","embeddable":true,"href":"https:\/\/www.bau-styl.hu\/epitoanyag\/wp-json\/wp\/v2\/product_cat?post=6497"},{"taxonomy":"product_tag","embeddable":true,"href":"https:\/\/www.bau-styl.hu\/epitoanyag\/wp-json\/wp\/v2\/product_tag?post=6497"}],"curies":[{"name":"wp","href":"https:\/\/api.w.org\/{rel}","templated":true}]}}