{"id":6511,"date":"2023-02-28T15:08:03","date_gmt":"2023-02-28T13:08:03","guid":{"rendered":"https:\/\/www.bau-styl.hu\/epitoanyag\/termek\/bramac-adria-alapcserep-magico\/"},"modified":"2026-02-16T22:19:58","modified_gmt":"2026-02-16T20:19:58","slug":"bramac-adria-alapcserep-magico","status":"publish","type":"product","link":"https:\/\/www.bau-styl.hu\/epitoanyag\/termek\/bramac-adria-alapcserep-magico\/","title":{"rendered":"Bramac Adria Alapcser\u00e9p magico"},"content":{"rendered":"","protected":false},"excerpt":{"rendered":"<p>A Bramac Adria tet\u0151cser\u00e9p egyed\u00fcl\u00e1ll\u00f3an term\u00e9szetes hat\u00e1sa r\u00e9v\u00e9n kiv\u00e1l\u00f3an alkalmas r\u00e9gi polg\u00e1ri h\u00e1zak, vill\u00e1k, a term\u00e9szetben rejt\u0151zk\u00f6d\u0151 vid\u00e9ki k\u00fari\u00e1k \u00fajrafed\u00e9s\u00e9re, de k\u00fcl\u00f6nlegess\u00e9 teszi az ig\u00e9nyes, t\u00e1gas lak\u00f3parkok, b\u00e1rmely kertv\u00e1rosi h\u00e1z vagy nyaral\u00f3 tet\u0151j\u00e9t is. Az alapcser\u00e9p mell\u00e9 opcion\u00e1lis term\u00e9kek, idomcserepek (szell\u0151z\u0151cser\u00e9p, f\u00e9lcser\u00e9p, szeg\u00e9lycser\u00e9p, k\u00fapcser\u00e9p, eloszt\u00f3 k\u00fapcser\u00e9p, kezd\u0151 k\u00fapcser\u00e9p) k\u00f6z\u00fcl v\u00e1laszthat, amelyek \u00e1rair\u00f3l az aj\u00e1nlatk\u00e9r\u00e9s lead\u00e1s\u00e1t k\u00f6vet\u0151en munkat\u00e1rsunk emailben t\u00e1j\u00e9koztatja \u00d6nt.<\/p>\n","protected":false},"featured_media":24654,"template":"","meta":[],"product_brand":[],"product_cat":[355,6654,6659],"product_tag":[],"class_list":{"0":"post-6511","1":"product","2":"type-product","3":"status-publish","4":"has-post-thumbnail","6":"product_cat-tetofedes","7":"product_cat-beton-cserep","8":"product_cat-bramac-beton-alapcserep","10":"first","11":"instock","12":"taxable","13":"shipping-taxable","14":"purchasable","15":"product-type-simple"},"aioseo_notices":[],"_links":{"self":[{"href":"https:\/\/www.bau-styl.hu\/epitoanyag\/wp-json\/wp\/v2\/product\/6511","targetHints":{"allow":["GET"]}}],"collection":[{"href":"https:\/\/www.bau-styl.hu\/epitoanyag\/wp-json\/wp\/v2\/product"}],"about":[{"href":"https:\/\/www.bau-styl.hu\/epitoanyag\/wp-json\/wp\/v2\/types\/product"}],"wp:featuredmedia":[{"embeddable":true,"href":"https:\/\/www.bau-styl.hu\/epitoanyag\/wp-json\/wp\/v2\/media\/24654"}],"wp:attachment":[{"href":"https:\/\/www.bau-styl.hu\/epitoanyag\/wp-json\/wp\/v2\/media?parent=6511"}],"wp:term":[{"taxonomy":"product_brand","embeddable":true,"href":"https:\/\/www.bau-styl.hu\/epitoanyag\/wp-json\/wp\/v2\/product_brand?post=6511"},{"taxonomy":"product_cat","embeddable":true,"href":"https:\/\/www.bau-styl.hu\/epitoanyag\/wp-json\/wp\/v2\/product_cat?post=6511"},{"taxonomy":"product_tag","embeddable":true,"href":"https:\/\/www.bau-styl.hu\/epitoanyag\/wp-json\/wp\/v2\/product_tag?post=6511"}],"curies":[{"name":"wp","href":"https:\/\/api.w.org\/{rel}","templated":true}]}}