{"id":6581,"date":"2019-10-25T14:39:47","date_gmt":"2019-10-25T14:39:47","guid":{"rendered":"https:\/\/www.bau-styl.hu\/epitoanyag\/termek\/bramac-basicroll-univerzalis-kupalatet-teglavoros-295-mm-x-5-m\/"},"modified":"2026-04-20T21:09:19","modified_gmt":"2026-04-20T19:09:19","slug":"bramac-basicroll-univerzalis-kupalatet-teglavoros-295-mm-x-5-m","status":"publish","type":"product","link":"https:\/\/www.bau-styl.hu\/epitoanyag\/termek\/bramac-basicroll-univerzalis-kupalatet-teglavoros-295-mm-x-5-m\/","title":{"rendered":"Bramac Basicroll Univerz\u00e1lis k\u00fapal\u00e1t\u00e9t t\u00e9glav\u00f6r\u00f6s 295 mm x 5 m"},"content":{"rendered":"","protected":false},"excerpt":{"rendered":"<p>Kiv\u00e1l\u00f3 \u00e1tszell\u0151z\u00e9st biztos\u00edt, \u00e9s megakad\u00e1lyozza a porh\u00f3, csap\u00f3es\u0151, homok \u00e9s rovarok bejut\u00e1s\u00e1t a tet\u0151 al\u00e1.<\/p>\n","protected":false},"featured_media":31224,"template":"","meta":[],"product_brand":[11270],"product_cat":[11362,355],"product_tag":[],"class_list":{"0":"post-6581","1":"product","2":"type-product","3":"status-publish","4":"has-post-thumbnail","6":"product_brand-bramac","7":"product_cat-fem-es-muanyag-kiegeszito","8":"product_cat-tetofedes","10":"first","11":"instock","12":"taxable","13":"shipping-taxable","14":"purchasable","15":"product-type-simple"},"aioseo_notices":[],"_links":{"self":[{"href":"https:\/\/www.bau-styl.hu\/epitoanyag\/wp-json\/wp\/v2\/product\/6581","targetHints":{"allow":["GET"]}}],"collection":[{"href":"https:\/\/www.bau-styl.hu\/epitoanyag\/wp-json\/wp\/v2\/product"}],"about":[{"href":"https:\/\/www.bau-styl.hu\/epitoanyag\/wp-json\/wp\/v2\/types\/product"}],"wp:featuredmedia":[{"embeddable":true,"href":"https:\/\/www.bau-styl.hu\/epitoanyag\/wp-json\/wp\/v2\/media\/31224"}],"wp:attachment":[{"href":"https:\/\/www.bau-styl.hu\/epitoanyag\/wp-json\/wp\/v2\/media?parent=6581"}],"wp:term":[{"taxonomy":"product_brand","embeddable":true,"href":"https:\/\/www.bau-styl.hu\/epitoanyag\/wp-json\/wp\/v2\/product_brand?post=6581"},{"taxonomy":"product_cat","embeddable":true,"href":"https:\/\/www.bau-styl.hu\/epitoanyag\/wp-json\/wp\/v2\/product_cat?post=6581"},{"taxonomy":"product_tag","embeddable":true,"href":"https:\/\/www.bau-styl.hu\/epitoanyag\/wp-json\/wp\/v2\/product_tag?post=6581"}],"curies":[{"name":"wp","href":"https:\/\/api.w.org\/{rel}","templated":true}]}}