{"id":6614,"date":"2019-10-25T14:40:04","date_gmt":"2019-10-25T14:40:04","guid":{"rendered":"https:\/\/www.bau-styl.hu\/epitoanyag\/termek\/bramac-durovent-fustgazkivezeto-feltet-ak116-teglavoros\/"},"modified":"2026-04-20T18:23:01","modified_gmt":"2026-04-20T16:23:01","slug":"bramac-durovent-fustgazkivezeto-feltet-ak116-teglavoros","status":"publish","type":"product","link":"https:\/\/www.bau-styl.hu\/epitoanyag\/termek\/bramac-durovent-fustgazkivezeto-feltet-ak116-teglavoros\/","title":{"rendered":"Bramac Durovent F\u00fcstg\u00e1zkivezet\u0151 felt\u00e9t AK116 t\u00e9glav\u00f6r\u00f6s"},"content":{"rendered":"","protected":false},"excerpt":{"rendered":"","protected":false},"featured_media":2071,"template":"","meta":[],"product_brand":[11270],"product_cat":[11363,355],"product_tag":[],"class_list":{"0":"post-6614","1":"product","2":"type-product","3":"status-publish","4":"has-post-thumbnail","6":"product_brand-bramac","7":"product_cat-tetokivezetes","8":"product_cat-tetofedes","10":"first","11":"instock","12":"taxable","13":"shipping-taxable","14":"purchasable","15":"product-type-simple"},"aioseo_notices":[],"_links":{"self":[{"href":"https:\/\/www.bau-styl.hu\/epitoanyag\/wp-json\/wp\/v2\/product\/6614","targetHints":{"allow":["GET"]}}],"collection":[{"href":"https:\/\/www.bau-styl.hu\/epitoanyag\/wp-json\/wp\/v2\/product"}],"about":[{"href":"https:\/\/www.bau-styl.hu\/epitoanyag\/wp-json\/wp\/v2\/types\/product"}],"wp:featuredmedia":[{"embeddable":true,"href":"https:\/\/www.bau-styl.hu\/epitoanyag\/wp-json\/wp\/v2\/media\/2071"}],"wp:attachment":[{"href":"https:\/\/www.bau-styl.hu\/epitoanyag\/wp-json\/wp\/v2\/media?parent=6614"}],"wp:term":[{"taxonomy":"product_brand","embeddable":true,"href":"https:\/\/www.bau-styl.hu\/epitoanyag\/wp-json\/wp\/v2\/product_brand?post=6614"},{"taxonomy":"product_cat","embeddable":true,"href":"https:\/\/www.bau-styl.hu\/epitoanyag\/wp-json\/wp\/v2\/product_cat?post=6614"},{"taxonomy":"product_tag","embeddable":true,"href":"https:\/\/www.bau-styl.hu\/epitoanyag\/wp-json\/wp\/v2\/product_tag?post=6614"}],"curies":[{"name":"wp","href":"https:\/\/api.w.org\/{rel}","templated":true}]}}