{"id":6641,"date":"2019-10-25T14:40:24","date_gmt":"2019-10-25T14:40:24","guid":{"rendered":"https:\/\/www.bau-styl.hu\/epitoanyag\/termek\/bramac-durovent-romai-helyiseg-kiszellozteto-egyseg-na100-sotetbarna\/"},"modified":"2026-02-16T22:28:32","modified_gmt":"2026-02-16T20:28:32","slug":"bramac-durovent-romai-helyiseg-kiszellozteto-egyseg-na100-sotetbarna","status":"publish","type":"product","link":"https:\/\/www.bau-styl.hu\/epitoanyag\/termek\/bramac-durovent-romai-helyiseg-kiszellozteto-egyseg-na100-sotetbarna\/","title":{"rendered":"Bramac Durovent R\u00f3mai Helyis\u00e9g kiszell\u0151ztet\u0151 egys\u00e9g NA100 s\u00f6t\u00e9tbarna"},"content":{"rendered":"","protected":false},"excerpt":{"rendered":"","protected":false},"featured_media":31364,"template":"","meta":[],"product_brand":[],"product_cat":[355,445,447,365],"product_tag":[6586],"class_list":{"0":"post-6641","1":"product","2":"type-product","3":"status-publish","4":"has-post-thumbnail","6":"product_cat-tetofedes","7":"product_cat-tetotartozek","8":"product_cat-fem-es-muanyag-kiegeszito","9":"product_cat-bramac-fem-es-muanyag-kiegeszito","10":"product_tag-bramac","12":"first","13":"instock","14":"taxable","15":"shipping-taxable","16":"purchasable","17":"product-type-simple"},"aioseo_notices":[],"_links":{"self":[{"href":"https:\/\/www.bau-styl.hu\/epitoanyag\/wp-json\/wp\/v2\/product\/6641","targetHints":{"allow":["GET"]}}],"collection":[{"href":"https:\/\/www.bau-styl.hu\/epitoanyag\/wp-json\/wp\/v2\/product"}],"about":[{"href":"https:\/\/www.bau-styl.hu\/epitoanyag\/wp-json\/wp\/v2\/types\/product"}],"wp:featuredmedia":[{"embeddable":true,"href":"https:\/\/www.bau-styl.hu\/epitoanyag\/wp-json\/wp\/v2\/media\/31364"}],"wp:attachment":[{"href":"https:\/\/www.bau-styl.hu\/epitoanyag\/wp-json\/wp\/v2\/media?parent=6641"}],"wp:term":[{"taxonomy":"product_brand","embeddable":true,"href":"https:\/\/www.bau-styl.hu\/epitoanyag\/wp-json\/wp\/v2\/product_brand?post=6641"},{"taxonomy":"product_cat","embeddable":true,"href":"https:\/\/www.bau-styl.hu\/epitoanyag\/wp-json\/wp\/v2\/product_cat?post=6641"},{"taxonomy":"product_tag","embeddable":true,"href":"https:\/\/www.bau-styl.hu\/epitoanyag\/wp-json\/wp\/v2\/product_tag?post=6641"}],"curies":[{"name":"wp","href":"https:\/\/api.w.org\/{rel}","templated":true}]}}